{"id":102,"date":"2015-05-22T16:48:24","date_gmt":"2015-05-22T13:48:24","guid":{"rendered":"http:\/\/www.ikbalozelegitim.com\/?page_id=102"},"modified":"2015-05-22T16:48:24","modified_gmt":"2015-05-22T13:48:24","slug":"misyonumuz-2","status":"publish","type":"page","link":"http:\/\/www.ikbalozelegitim.com\/index.php\/misyonumuz-2\/","title":{"rendered":"Misyonumuz"},"content":{"rendered":"<p>\u00d6zel bireye sahip olan ailelerimizin kayg\u0131lar\u0131n\u0131 en aza indirerek,\u00d6zel B\u0130REY\u0130N A\u0130LE VE TOPLUM \u0130\u00c7ER\u0130S\u0130NDE KEND\u0130 KEND\u0130NE YETEN B\u0130R B\u0130REY HAL\u0130NE GELMES\u0130N\u0130 SA\u011eLAMAK.<\/p>\n","protected":false},"excerpt":{"rendered":"<p>\u00d6zel bireye sahip olan ailelerimizin kayg\u0131lar\u0131n\u0131 en aza indirerek,\u00d6zel B\u0130REY\u0130N A\u0130LE VE TOPLUM \u0130\u00c7ER\u0130S\u0130NDE KEND\u0130 KEND\u0130NE YETEN B\u0130R B\u0130REY HAL\u0130NE GELMES\u0130N\u0130 SA\u011eLAMAK.<\/p>\n","protected":false},"author":1,"featured_media":0,"parent":0,"menu_order":0,"comment_status":"open","ping_status":"open","template":"","meta":[],"_links":{"self":[{"href":"http:\/\/www.ikbalozelegitim.com\/index.php\/wp-json\/wp\/v2\/pages\/102"}],"collection":[{"href":"http:\/\/www.ikbalozelegitim.com\/index.php\/wp-json\/wp\/v2\/pages"}],"about":[{"href":"http:\/\/www.ikbalozelegitim.com\/index.php\/wp-json\/wp\/v2\/types\/page"}],"author":[{"embeddable":true,"href":"http:\/\/www.ikbalozelegitim.com\/index.php\/wp-json\/wp\/v2\/users\/1"}],"replies":[{"embeddable":true,"href":"http:\/\/www.ikbalozelegitim.com\/index.php\/wp-json\/wp\/v2\/comments?post=102"}],"version-history":[{"count":1,"href":"http:\/\/www.ikbalozelegitim.com\/index.php\/wp-json\/wp\/v2\/pages\/102\/revisions"}],"predecessor-version":[{"id":103,"href":"http:\/\/www.ikbalozelegitim.com\/index.php\/wp-json\/wp\/v2\/pages\/102\/revisions\/103"}],"wp:attachment":[{"href":"http:\/\/www.ikbalozelegitim.com\/index.php\/wp-json\/wp\/v2\/media?parent=102"}],"curies":[{"name":"wp","href":"https:\/\/api.w.org\/{rel}","templated":true}]}}