{"id":12,"date":"2015-05-06T16:06:05","date_gmt":"2015-05-06T13:06:05","guid":{"rendered":"http:\/\/www.ikbalozelegitim.com\/?page_id=12"},"modified":"2015-07-10T14:25:03","modified_gmt":"2015-07-10T11:25:03","slug":"psikolojik-danisma","status":"publish","type":"page","link":"http:\/\/www.ikbalozelegitim.com\/index.php\/psikolojik-danisma\/","title":{"rendered":"Psikolojik Dan\u0131\u015fma"},"content":{"rendered":"<p><a href=\"http:\/\/www.ikbalozelegitim.com\/wp-content\/uploads\/2015\/05\/24.jpg\"><img loading=\"lazy\" class=\"aligncenter wp-image-131\" src=\"http:\/\/www.ikbalozelegitim.com\/wp-content\/uploads\/2015\/05\/24.jpg\" alt=\"24\" width=\"800\" height=\"600\" data-id=\"131\" srcset=\"http:\/\/www.ikbalozelegitim.com\/wp-content\/uploads\/2015\/05\/24.jpg 960w, http:\/\/www.ikbalozelegitim.com\/wp-content\/uploads\/2015\/05\/24-300x225.jpg 300w\" sizes=\"(max-width: 800px) 100vw, 800px\" \/><\/a><\/p>\n<p>Kurumumuzda psikolojik dan\u0131\u015fma hizmetleri kurum psikolo\u011fumuz Zeynep ERTEK\u0130N TARAFINDAN VER\u0130LMEKTED\u0130R.<\/p>\n<ul>\n<li>\u00d6\u011frencilere dan\u0131\u015fma hizmeti<\/li>\n<li><span style=\"line-height: 1.5;\">Velilere dan\u0131\u015fma hizmeti<\/span><\/li>\n<li><span style=\"line-height: 1.5;\">Seminerler<\/span><\/li>\n<li><span style=\"line-height: 1.5;\">Anas\u0131n\u0131f\u0131,ilkokul,ortaokul,lise gibi okullardaki kayna\u015ft\u0131rma \u00f6\u011frencilerini tarama,izleme,de\u011ferlendirme hizmetleri<\/span><\/li>\n<li>\u00d6\u011frencileri sa\u011fl\u0131k kurulu\u015funa y\u00f6nlendirme<\/li>\n<li>\u00d6\u011frencilerin e\u011fitim ve sosyal haklar\u0131 ile ilgili aileleri bilgilendirme,\u00e7e\u015fitli kurum ve kurulu\u015flara\u00a0<span style=\"line-height: 1.5;\">y\u00f6nlendirme<\/span><\/li>\n<li>Halktan gelen ki\u015filere psikolojik dan\u0131\u015fma hizmeti<\/li>\n<\/ul>\n<p>gibi konularda psikolojik dan\u0131\u015fma hizmetleri y\u00fcr\u00fct\u00fclmektedir.<\/p>\n","protected":false},"excerpt":{"rendered":"<p>Kurumumuzda psikolojik dan\u0131\u015fma hizmetleri kurum psikolo\u011fumuz Zeynep ERTEK\u0130N TARAFINDAN VER\u0130LMEKTED\u0130R. \u00d6\u011frencilere dan\u0131\u015fma hizmeti Velilere dan\u0131\u015fma hizmeti Seminerler Anas\u0131n\u0131f\u0131,ilkokul,ortaokul,lise gibi okullardaki kayna\u015ft\u0131rma \u00f6\u011frencilerini tarama,izleme,de\u011ferlendirme hizmetleri \u00d6\u011frencileri sa\u011fl\u0131k kurulu\u015funa y\u00f6nlendirme \u00d6\u011frencilerin e\u011fitim ve sosyal haklar\u0131 ile ilgili aileleri bilgilendirme,\u00e7e\u015fitli kurum ve kurulu\u015flara\u00a0y\u00f6nlendirme Halktan gelen ki\u015filere psikolojik dan\u0131\u015fma hizmeti gibi konularda psikolojik dan\u0131\u015fma hizmetleri y\u00fcr\u00fct\u00fclmektedir.<\/p>\n","protected":false},"author":1,"featured_media":0,"parent":0,"menu_order":0,"comment_status":"open","ping_status":"open","template":"","meta":[],"_links":{"self":[{"href":"http:\/\/www.ikbalozelegitim.com\/index.php\/wp-json\/wp\/v2\/pages\/12"}],"collection":[{"href":"http:\/\/www.ikbalozelegitim.com\/index.php\/wp-json\/wp\/v2\/pages"}],"about":[{"href":"http:\/\/www.ikbalozelegitim.com\/index.php\/wp-json\/wp\/v2\/types\/page"}],"author":[{"embeddable":true,"href":"http:\/\/www.ikbalozelegitim.com\/index.php\/wp-json\/wp\/v2\/users\/1"}],"replies":[{"embeddable":true,"href":"http:\/\/www.ikbalozelegitim.com\/index.php\/wp-json\/wp\/v2\/comments?post=12"}],"version-history":[{"count":7,"href":"http:\/\/www.ikbalozelegitim.com\/index.php\/wp-json\/wp\/v2\/pages\/12\/revisions"}],"predecessor-version":[{"id":350,"href":"http:\/\/www.ikbalozelegitim.com\/index.php\/wp-json\/wp\/v2\/pages\/12\/revisions\/350"}],"wp:attachment":[{"href":"http:\/\/www.ikbalozelegitim.com\/index.php\/wp-json\/wp\/v2\/media?parent=12"}],"curies":[{"name":"wp","href":"https:\/\/api.w.org\/{rel}","templated":true}]}}