{"id":18,"date":"2015-05-06T16:10:41","date_gmt":"2015-05-06T13:10:41","guid":{"rendered":"http:\/\/www.ikbalozelegitim.com\/?page_id=18"},"modified":"2015-07-10T14:39:12","modified_gmt":"2015-07-10T11:39:12","slug":"iletisim","status":"publish","type":"page","link":"http:\/\/www.ikbalozelegitim.com\/index.php\/iletisim\/","title":{"rendered":"\u0130leti\u015fim"},"content":{"rendered":"<p><strong>Adres:<\/strong> Yeni Mahalle Hasan Suba\u015f\u0131 Caddesi Durdemirler Apartman\u0131 Zemin Kat No:64\/a-b Antalya\/Elmal\u0131<\/p>\n<p><strong>Telefon:<\/strong> (242) 618 82 22<\/p>\n<p><iframe loading=\"lazy\" style=\"border: 0;\" src=\"https:\/\/www.google.com\/maps\/embed?pb=!1m18!1m12!1m3!1d3197.4765862370705!2d29.91953!3d36.73513!2m3!1f0!2f0!3f0!3m2!1i1024!2i768!4f13.1!3m3!1m2!1s0x0%3A0x0!2zMzbCsDQ0JzA2LjUiTiAyOcKwNTUnMTAuMyJF!5e0!3m2!1str!2s!4v1436528287919\" width=\"773\" height=\"405\" frameborder=\"0\" allowfullscreen=\"allowfullscreen\"><\/iframe><\/p>\n","protected":false},"excerpt":{"rendered":"<p>Adres: Yeni Mahalle Hasan Suba\u015f\u0131 Caddesi Durdemirler Apartman\u0131 Zemin Kat No:64\/a-b Antalya\/Elmal\u0131 Telefon: (242) 618 82 22<\/p>\n","protected":false},"author":1,"featured_media":0,"parent":0,"menu_order":0,"comment_status":"open","ping_status":"open","template":"","meta":[],"_links":{"self":[{"href":"http:\/\/www.ikbalozelegitim.com\/index.php\/wp-json\/wp\/v2\/pages\/18"}],"collection":[{"href":"http:\/\/www.ikbalozelegitim.com\/index.php\/wp-json\/wp\/v2\/pages"}],"about":[{"href":"http:\/\/www.ikbalozelegitim.com\/index.php\/wp-json\/wp\/v2\/types\/page"}],"author":[{"embeddable":true,"href":"http:\/\/www.ikbalozelegitim.com\/index.php\/wp-json\/wp\/v2\/users\/1"}],"replies":[{"embeddable":true,"href":"http:\/\/www.ikbalozelegitim.com\/index.php\/wp-json\/wp\/v2\/comments?post=18"}],"version-history":[{"count":5,"href":"http:\/\/www.ikbalozelegitim.com\/index.php\/wp-json\/wp\/v2\/pages\/18\/revisions"}],"predecessor-version":[{"id":352,"href":"http:\/\/www.ikbalozelegitim.com\/index.php\/wp-json\/wp\/v2\/pages\/18\/revisions\/352"}],"wp:attachment":[{"href":"http:\/\/www.ikbalozelegitim.com\/index.php\/wp-json\/wp\/v2\/media?parent=18"}],"curies":[{"name":"wp","href":"https:\/\/api.w.org\/{rel}","templated":true}]}}