{"id":2,"date":"2015-05-05T18:43:07","date_gmt":"2015-05-05T15:43:07","guid":{"rendered":"http:\/\/www.ikbalozelegitim.com\/?page_id=2"},"modified":"2015-05-25T17:37:09","modified_gmt":"2015-05-25T14:37:09","slug":"hakkimizda","status":"publish","type":"page","link":"http:\/\/www.ikbalozelegitim.com\/index.php\/hakkimizda\/","title":{"rendered":"Hakk\u0131m\u0131zda"},"content":{"rendered":"<p><a href=\"http:\/\/www.ikbalozelegitim.com\/wp-content\/uploads\/2015\/05\/11.jpg\"><img loading=\"lazy\" class=\"aligncenter wp-image-118\" src=\"http:\/\/www.ikbalozelegitim.com\/wp-content\/uploads\/2015\/05\/11.jpg\" alt=\"E\u011fitim Merkezimiz\" width=\"800\" height=\"450\" data-id=\"118\" srcset=\"http:\/\/www.ikbalozelegitim.com\/wp-content\/uploads\/2015\/05\/11.jpg 960w, http:\/\/www.ikbalozelegitim.com\/wp-content\/uploads\/2015\/05\/11-300x169.jpg 300w\" sizes=\"(max-width: 800px) 100vw, 800px\" \/><\/a><\/p>\n<p>Kurumumuz hakk\u0131nda bilgi edinmek i\u00e7in a\u015fa\u011f\u0131daki ba\u011flant\u0131lar\u0131 kullanabilirsiniz.<\/p>\n<ul>\n<li><a href=\"http:\/\/www.ikbalozelegitim.com\/index.php\/misyonumuz\/\">Tarih\u00e7e<\/a><\/li>\n<li><a href=\"http:\/\/www.ikbalozelegitim.com\/index.php\/vizyonumuz\/\">Vizyonumuz<\/a><\/li>\n<li><a href=\"http:\/\/www.ikbalozelegitim.com\/index.php\/misyonumuz-2\/\">Misyonumuz<\/a><\/li>\n<\/ul>\n","protected":false},"excerpt":{"rendered":"<p>Kurumumuz hakk\u0131nda bilgi edinmek i\u00e7in a\u015fa\u011f\u0131daki ba\u011flant\u0131lar\u0131 kullanabilirsiniz. Tarih\u00e7e Vizyonumuz Misyonumuz<\/p>\n","protected":false},"author":1,"featured_media":0,"parent":0,"menu_order":0,"comment_status":"open","ping_status":"open","template":"","meta":[],"_links":{"self":[{"href":"http:\/\/www.ikbalozelegitim.com\/index.php\/wp-json\/wp\/v2\/pages\/2"}],"collection":[{"href":"http:\/\/www.ikbalozelegitim.com\/index.php\/wp-json\/wp\/v2\/pages"}],"about":[{"href":"http:\/\/www.ikbalozelegitim.com\/index.php\/wp-json\/wp\/v2\/types\/page"}],"author":[{"embeddable":true,"href":"http:\/\/www.ikbalozelegitim.com\/index.php\/wp-json\/wp\/v2\/users\/1"}],"replies":[{"embeddable":true,"href":"http:\/\/www.ikbalozelegitim.com\/index.php\/wp-json\/wp\/v2\/comments?post=2"}],"version-history":[{"count":7,"href":"http:\/\/www.ikbalozelegitim.com\/index.php\/wp-json\/wp\/v2\/pages\/2\/revisions"}],"predecessor-version":[{"id":245,"href":"http:\/\/www.ikbalozelegitim.com\/index.php\/wp-json\/wp\/v2\/pages\/2\/revisions\/245"}],"wp:attachment":[{"href":"http:\/\/www.ikbalozelegitim.com\/index.php\/wp-json\/wp\/v2\/media?parent=2"}],"curies":[{"name":"wp","href":"https:\/\/api.w.org\/{rel}","templated":true}]}}