{"id":210,"date":"2015-05-25T13:38:59","date_gmt":"2015-05-25T10:38:59","guid":{"rendered":"http:\/\/www.ikbalozelegitim.com\/?page_id=210"},"modified":"2015-05-25T16:53:08","modified_gmt":"2015-05-25T13:53:08","slug":"anasayfa","status":"publish","type":"page","link":"http:\/\/www.ikbalozelegitim.com\/","title":{"rendered":"Anasayfa"},"content":{"rendered":"<p><center><div tabindex=\"0\" class=\"cycloneslider cycloneslider-template-standard cycloneslider-width-responsive\" id=\"cycloneslider-1-1\" style=\"max-width:800px\" > <div class=\"cycloneslider-slides cycle-slideshow\" data-cycle-allow-wrap=\"true\" data-cycle-dynamic-height=\"off\" data-cycle-auto-height=\"800:359\" data-cycle-auto-height-easing=\"null\" data-cycle-auto-height-speed=\"250\" data-cycle-delay=\"0\" data-cycle-easing=\"\" data-cycle-fx=\"scrollHorz\" data-cycle-hide-non-active=\"true\" data-cycle-log=\"false\" data-cycle-next=\"#cycloneslider-1-1 .cycloneslider-next\" data-cycle-pager=\"#cycloneslider-1-1 .cycloneslider-pager\" data-cycle-pause-on-hover=\"true\" data-cycle-prev=\"#cycloneslider-1-1 .cycloneslider-prev\" data-cycle-slides=\"&gt; div\" data-cycle-speed=\"1000\" data-cycle-swipe=\"false\" data-cycle-tile-count=\"7\" data-cycle-tile-delay=\"100\" data-cycle-tile-vertical=\"false\" data-cycle-timeout=\"4000\" > <div class=\"cycloneslider-slide cycloneslider-slide-image\" > <img src=\"http:\/\/www.ikbalozelegitim.com\/wp-content\/uploads\/2015\/05\/2-800x359.jpg\" alt=\"E\u011fitim Merkezimiz\" title=\"\" \/> <div class=\"cycloneslider-caption\"> <div class=\"cycloneslider-caption-title\">E\u011fitim Merkezimiz<\/div> <div class=\"cycloneslider-caption-description\"><\/div> <\/div> <\/div> <div class=\"cycloneslider-slide cycloneslider-slide-image\" > <img src=\"http:\/\/www.ikbalozelegitim.com\/wp-content\/uploads\/2015\/05\/16-800x359.jpg\" alt=\"\u0130kbal \u00d6zel E\u011fitim ve Rehabilitasyon Merkezi\" title=\"\" \/> <div class=\"cycloneslider-caption\"> <div class=\"cycloneslider-caption-title\">E\u011fitimlerimiz<\/div> <div class=\"cycloneslider-caption-description\"><\/div> <\/div> <\/div> <div class=\"cycloneslider-slide cycloneslider-slide-image\" > <img src=\"http:\/\/www.ikbalozelegitim.com\/wp-content\/uploads\/2016\/06\/13331049_1761211874100514_4840884836620293787_n-800x359.jpg\" alt=\"Etkinli\u011fimiz\" title=\"\" \/> <div class=\"cycloneslider-caption\"> <div class=\"cycloneslider-caption-title\">Etkinli\u011fimiz<\/div> <div class=\"cycloneslider-caption-description\"><\/div> <\/div> <\/div> <div class=\"cycloneslider-slide cycloneslider-slide-image\" > <img src=\"http:\/\/www.ikbalozelegitim.com\/wp-content\/uploads\/2016\/02\/IMG_20160215_153452-800x359.jpg\" alt=\"\" title=\"\" \/> <div class=\"cycloneslider-caption\"> <div class=\"cycloneslider-caption-title\">BA\u015eARI \u00d6D\u00dcLLER\u0130M\u0130Z<\/div> <div class=\"cycloneslider-caption-description\"><\/div> <\/div> <\/div> <div class=\"cycloneslider-slide cycloneslider-slide-image\" > <img src=\"http:\/\/www.ikbalozelegitim.com\/wp-content\/uploads\/2016\/02\/13442601_1765046237050411_1146744186721316728_o-800x359.jpg\" alt=\"\" title=\"\" \/> <div class=\"cycloneslider-caption\"> <div class=\"cycloneslider-caption-title\">VEL\u0130 Z\u0130YARETLER\u0130M\u0130Z<\/div> <div class=\"cycloneslider-caption-description\"><\/div> <\/div> <\/div> <div class=\"cycloneslider-slide cycloneslider-slide-image\" > <img src=\"http:\/\/www.ikbalozelegitim.com\/wp-content\/uploads\/2016\/02\/13411765_1765046333717068_2504567259823997179_o-800x359.jpg\" alt=\"\" title=\"\" \/> <\/div> <div class=\"cycloneslider-slide cycloneslider-slide-image\" > <img src=\"http:\/\/www.ikbalozelegitim.com\/wp-content\/uploads\/2016\/02\/13403149_1765046167050418_4884279903957243788_o-1-800x359.jpg\" alt=\"\" title=\"\" \/> <\/div> <div class=\"cycloneslider-slide cycloneslider-slide-image\" > <img src=\"http:\/\/www.ikbalozelegitim.com\/wp-content\/uploads\/2016\/02\/IMG-20160413-WA0002-800x359.jpg\" alt=\"\" title=\"\" \/> <div class=\"cycloneslider-caption\"> <div class=\"cycloneslider-caption-title\">ELMALI BELED\u0130YE BA\u015eKANIMIZ VE A\u0130LES\u0130N\u0130N Z\u0130YARET\u0130<\/div> <div class=\"cycloneslider-caption-description\"><\/div> <\/div> <\/div> <div class=\"cycloneslider-slide cycloneslider-slide-image\" > <img src=\"http:\/\/www.ikbalozelegitim.com\/wp-content\/uploads\/2016\/02\/IMG-20160413-WA0001-800x359.jpg\" alt=\"\" title=\"\" \/> <\/div> <div class=\"cycloneslider-slide cycloneslider-slide-image\" > <img src=\"http:\/\/www.ikbalozelegitim.com\/wp-content\/uploads\/2016\/02\/IMG-20160413-WA0000-800x359.jpg\" alt=\"\" title=\"\" \/> <\/div> <div class=\"cycloneslider-slide cycloneslider-slide-image\" > <img src=\"http:\/\/www.ikbalozelegitim.com\/wp-content\/uploads\/2016\/05\/13217258_1754229298132105_6960756847319127959_o-800x359.jpg\" alt=\"\" title=\"\" \/> <div class=\"cycloneslider-caption\"> <div class=\"cycloneslider-caption-title\">KAYMAKAMIMIZI Z\u0130YARET\u0130M\u0130Z<\/div> <div class=\"cycloneslider-caption-description\"><\/div> <\/div> <\/div> <div class=\"cycloneslider-slide cycloneslider-slide-image\" > <img src=\"http:\/\/www.ikbalozelegitim.com\/wp-content\/uploads\/2016\/05\/13198634_1754229358132099_2214529581042998362_o-800x359.jpg\" alt=\"\" title=\"\" \/> <\/div> <div class=\"cycloneslider-slide cycloneslider-slide-image\" > <img src=\"http:\/\/www.ikbalozelegitim.com\/wp-content\/uploads\/2016\/10\/14716233_10154600130614910_7519293610928687901_n-800x359.jpg\" alt=\"\" title=\"\" \/> <div class=\"cycloneslider-caption\"> <div class=\"cycloneslider-caption-title\">F\u0130K\u0130RLER YARI\u015eSIN ENGELLER A\u015eILSIN<\/div> <div class=\"cycloneslider-caption-description\"><\/div> <\/div> <\/div> <div class=\"cycloneslider-slide cycloneslider-slide-image\" > <img src=\"http:\/\/www.ikbalozelegitim.com\/wp-content\/uploads\/2016\/10\/14705799_10154600131764910_1300304013452963326_n-800x359.jpg\" alt=\"\" title=\"\" \/> <\/div> <div class=\"cycloneslider-slide cycloneslider-slide-image\" > <img src=\"http:\/\/www.ikbalozelegitim.com\/wp-content\/uploads\/2016\/10\/14606379_10154600133829910_7373872805447175795_n-800x359.jpg\" alt=\"\" title=\"\" \/> <\/div> <div class=\"cycloneslider-slide cycloneslider-slide-image\" > <img src=\"http:\/\/www.ikbalozelegitim.com\/wp-content\/uploads\/2016\/12\/14715669_1817388268482874_526585330389128962_o-800x359.jpg\" alt=\"\" title=\"\" \/> <div class=\"cycloneslider-caption\"> <div class=\"cycloneslider-caption-title\">KA\u015e D\u00dc\u015eLER AKADEM\u0130S\u0130 GEZ\u0130M\u0130Z<\/div> <div class=\"cycloneslider-caption-description\"><\/div> <\/div> <\/div> <div class=\"cycloneslider-slide cycloneslider-slide-image\" > <img src=\"http:\/\/www.ikbalozelegitim.com\/wp-content\/uploads\/2016\/12\/14713075_1817395975148770_3240935205822598036_o-800x359.jpg\" alt=\"\" title=\"\" \/> <\/div> <div class=\"cycloneslider-slide cycloneslider-slide-image\" > <img src=\"http:\/\/www.ikbalozelegitim.com\/wp-content\/uploads\/2016\/12\/14711422_1817395351815499_6656743932161921325_o-800x359.jpg\" alt=\"\" title=\"\" \/> <\/div> <div class=\"cycloneslider-slide cycloneslider-slide-image\" > <img src=\"http:\/\/www.ikbalozelegitim.com\/wp-content\/uploads\/2016\/12\/14712583_1817385531816481_6245579124765355631_o-800x359.jpg\" alt=\"\" title=\"\" \/> <\/div> <div class=\"cycloneslider-slide cycloneslider-slide-image\" > <img src=\"http:\/\/www.ikbalozelegitim.com\/wp-content\/uploads\/2016\/12\/14712913_1817390381815996_5974828933743362432_o-800x359.jpg\" alt=\"\" title=\"\" \/> <\/div> <div class=\"cycloneslider-slide cycloneslider-slide-image\" > <img src=\"http:\/\/www.ikbalozelegitim.com\/wp-content\/uploads\/2016\/12\/14711443_1817385641816470_6819106767740180940_o-800x359.jpg\" alt=\"\" title=\"\" \/> <\/div> <div class=\"cycloneslider-slide cycloneslider-slide-image\" > <img src=\"http:\/\/www.ikbalozelegitim.com\/wp-content\/uploads\/2016\/12\/14608932_1817387931816241_2999607811177768940_o-800x359.jpg\" alt=\"\" title=\"\" \/> <\/div> <div class=\"cycloneslider-slide cycloneslider-slide-image\" > <img src=\"http:\/\/www.ikbalozelegitim.com\/wp-content\/uploads\/2016\/12\/14570554_1817397748481926_4905032976417148709_o-800x359.jpg\" alt=\"\" title=\"\" \/> <\/div> <\/div> <div class=\"cycloneslider-pager\"><\/div> <a href=\"#\" class=\"cycloneslider-prev\"> <span class=\"arrow\"><\/span> <\/a> <a href=\"#\" class=\"cycloneslider-next\"> <span class=\"arrow\"><\/span> <\/a> <\/div><\/center><\/p>\n","protected":false},"excerpt":{"rendered":"","protected":false},"author":1,"featured_media":0,"parent":0,"menu_order":0,"comment_status":"open","ping_status":"open","template":"","meta":[],"_links":{"self":[{"href":"http:\/\/www.ikbalozelegitim.com\/index.php\/wp-json\/wp\/v2\/pages\/210"}],"collection":[{"href":"http:\/\/www.ikbalozelegitim.com\/index.php\/wp-json\/wp\/v2\/pages"}],"about":[{"href":"http:\/\/www.ikbalozelegitim.com\/index.php\/wp-json\/wp\/v2\/types\/page"}],"author":[{"embeddable":true,"href":"http:\/\/www.ikbalozelegitim.com\/index.php\/wp-json\/wp\/v2\/users\/1"}],"replies":[{"embeddable":true,"href":"http:\/\/www.ikbalozelegitim.com\/index.php\/wp-json\/wp\/v2\/comments?post=210"}],"version-history":[{"count":19,"href":"http:\/\/www.ikbalozelegitim.com\/index.php\/wp-json\/wp\/v2\/pages\/210\/revisions"}],"predecessor-version":[{"id":240,"href":"http:\/\/www.ikbalozelegitim.com\/index.php\/wp-json\/wp\/v2\/pages\/210\/revisions\/240"}],"wp:attachment":[{"href":"http:\/\/www.ikbalozelegitim.com\/index.php\/wp-json\/wp\/v2\/media?parent=210"}],"curies":[{"name":"wp","href":"https:\/\/api.w.org\/{rel}","templated":true}]}}