{"id":466,"date":"2016-02-24T10:21:35","date_gmt":"2016-02-24T08:21:35","guid":{"rendered":"http:\/\/www.ikbalozelegitim.com\/?page_id=466"},"modified":"2016-06-15T10:45:23","modified_gmt":"2016-06-15T07:45:23","slug":"ziyaretlerimiz","status":"publish","type":"page","link":"http:\/\/www.ikbalozelegitim.com\/index.php\/ziyaretlerimiz\/","title":{"rendered":"Z\u0130YARETLER\u0130M\u0130Z"},"content":{"rendered":"<p><a href=\"http:\/\/www.ikbalozelegitim.com\/wp-content\/uploads\/2016\/02\/13403149_1765046167050418_4884279903957243788_o-1.jpg\"><img loading=\"lazy\" class=\"aligncenter size-full wp-image-630\" src=\"http:\/\/www.ikbalozelegitim.com\/wp-content\/uploads\/2016\/02\/13403149_1765046167050418_4884279903957243788_o-1.jpg\" alt=\"13403149_1765046167050418_4884279903957243788_o (1)\" width=\"1032\" height=\"581\" data-id=\"630\" srcset=\"http:\/\/www.ikbalozelegitim.com\/wp-content\/uploads\/2016\/02\/13403149_1765046167050418_4884279903957243788_o-1.jpg 1032w, http:\/\/www.ikbalozelegitim.com\/wp-content\/uploads\/2016\/02\/13403149_1765046167050418_4884279903957243788_o-1-300x169.jpg 300w, http:\/\/www.ikbalozelegitim.com\/wp-content\/uploads\/2016\/02\/13403149_1765046167050418_4884279903957243788_o-1-1024x576.jpg 1024w\" sizes=\"(max-width: 1032px) 100vw, 1032px\" \/><\/a><a href=\"http:\/\/www.ikbalozelegitim.com\/wp-content\/uploads\/2016\/02\/13403348_1765046097050425_8431647771027575470_o.jpg\"><img loading=\"lazy\" class=\"aligncenter size-full wp-image-631\" src=\"http:\/\/www.ikbalozelegitim.com\/wp-content\/uploads\/2016\/02\/13403348_1765046097050425_8431647771027575470_o.jpg\" alt=\"13403348_1765046097050425_8431647771027575470_o\" width=\"1280\" height=\"720\" data-id=\"631\" srcset=\"http:\/\/www.ikbalozelegitim.com\/wp-content\/uploads\/2016\/02\/13403348_1765046097050425_8431647771027575470_o.jpg 1280w, http:\/\/www.ikbalozelegitim.com\/wp-content\/uploads\/2016\/02\/13403348_1765046097050425_8431647771027575470_o-300x169.jpg 300w, http:\/\/www.ikbalozelegitim.com\/wp-content\/uploads\/2016\/02\/13403348_1765046097050425_8431647771027575470_o-1024x576.jpg 1024w\" sizes=\"(max-width: 1280px) 100vw, 1280px\" \/><\/a><a href=\"http:\/\/www.ikbalozelegitim.com\/wp-content\/uploads\/2016\/02\/13411765_1765046333717068_2504567259823997179_o.jpg\"><img loading=\"lazy\" class=\"aligncenter size-full wp-image-632\" src=\"http:\/\/www.ikbalozelegitim.com\/wp-content\/uploads\/2016\/02\/13411765_1765046333717068_2504567259823997179_o.jpg\" alt=\"13411765_1765046333717068_2504567259823997179_o\" width=\"1280\" height=\"720\" data-id=\"632\" srcset=\"http:\/\/www.ikbalozelegitim.com\/wp-content\/uploads\/2016\/02\/13411765_1765046333717068_2504567259823997179_o.jpg 1280w, http:\/\/www.ikbalozelegitim.com\/wp-content\/uploads\/2016\/02\/13411765_1765046333717068_2504567259823997179_o-300x169.jpg 300w, http:\/\/www.ikbalozelegitim.com\/wp-content\/uploads\/2016\/02\/13411765_1765046333717068_2504567259823997179_o-1024x576.jpg 1024w\" sizes=\"(max-width: 1280px) 100vw, 1280px\" \/><\/a><a href=\"http:\/\/www.ikbalozelegitim.com\/wp-content\/uploads\/2016\/02\/13442601_1765046237050411_1146744186721316728_o.jpg\"><img loading=\"lazy\" class=\"aligncenter size-full wp-image-633\" src=\"http:\/\/www.ikbalozelegitim.com\/wp-content\/uploads\/2016\/02\/13442601_1765046237050411_1146744186721316728_o.jpg\" alt=\"13442601_1765046237050411_1146744186721316728_o\" width=\"1032\" height=\"581\" data-id=\"633\" srcset=\"http:\/\/www.ikbalozelegitim.com\/wp-content\/uploads\/2016\/02\/13442601_1765046237050411_1146744186721316728_o.jpg 1032w, http:\/\/www.ikbalozelegitim.com\/wp-content\/uploads\/2016\/02\/13442601_1765046237050411_1146744186721316728_o-300x169.jpg 300w, http:\/\/www.ikbalozelegitim.com\/wp-content\/uploads\/2016\/02\/13442601_1765046237050411_1146744186721316728_o-1024x576.jpg 1024w\" sizes=\"(max-width: 1032px) 100vw, 1032px\" \/><\/a><a href=\"http:\/\/www.ikbalozelegitim.com\/wp-content\/uploads\/2016\/02\/IMG-20160413-WA0006.jpg\"><img loading=\"lazy\" class=\"aligncenter size-full wp-image-483\" src=\"http:\/\/www.ikbalozelegitim.com\/wp-content\/uploads\/2016\/02\/IMG-20160413-WA0006.jpg\" alt=\"IMG-20160413-WA0006\" width=\"1032\" height=\"581\" data-id=\"483\" srcset=\"http:\/\/www.ikbalozelegitim.com\/wp-content\/uploads\/2016\/02\/IMG-20160413-WA0006.jpg 1032w, http:\/\/www.ikbalozelegitim.com\/wp-content\/uploads\/2016\/02\/IMG-20160413-WA0006-300x169.jpg 300w, http:\/\/www.ikbalozelegitim.com\/wp-content\/uploads\/2016\/02\/IMG-20160413-WA0006-1024x576.jpg 1024w\" sizes=\"(max-width: 1032px) 100vw, 1032px\" \/><\/a><a href=\"http:\/\/www.ikbalozelegitim.com\/wp-content\/uploads\/2016\/02\/IMG-20160413-WA0007.jpg\"><img loading=\"lazy\" class=\"aligncenter size-full wp-image-484\" src=\"http:\/\/www.ikbalozelegitim.com\/wp-content\/uploads\/2016\/02\/IMG-20160413-WA0007.jpg\" alt=\"IMG-20160413-WA0007\" width=\"1032\" height=\"581\" data-id=\"484\" srcset=\"http:\/\/www.ikbalozelegitim.com\/wp-content\/uploads\/2016\/02\/IMG-20160413-WA0007.jpg 1032w, http:\/\/www.ikbalozelegitim.com\/wp-content\/uploads\/2016\/02\/IMG-20160413-WA0007-300x169.jpg 300w, http:\/\/www.ikbalozelegitim.com\/wp-content\/uploads\/2016\/02\/IMG-20160413-WA0007-1024x576.jpg 1024w\" sizes=\"(max-width: 1032px) 100vw, 1032px\" \/><\/a><a href=\"http:\/\/www.ikbalozelegitim.com\/wp-content\/uploads\/2016\/02\/IMG-20160413-WA0008.jpg\"><img loading=\"lazy\" class=\"aligncenter size-full wp-image-485\" src=\"http:\/\/www.ikbalozelegitim.com\/wp-content\/uploads\/2016\/02\/IMG-20160413-WA0008.jpg\" alt=\"IMG-20160413-WA0008\" width=\"1032\" height=\"581\" data-id=\"485\" srcset=\"http:\/\/www.ikbalozelegitim.com\/wp-content\/uploads\/2016\/02\/IMG-20160413-WA0008.jpg 1032w, http:\/\/www.ikbalozelegitim.com\/wp-content\/uploads\/2016\/02\/IMG-20160413-WA0008-300x169.jpg 300w, http:\/\/www.ikbalozelegitim.com\/wp-content\/uploads\/2016\/02\/IMG-20160413-WA0008-1024x576.jpg 1024w\" sizes=\"(max-width: 1032px) 100vw, 1032px\" \/><\/a><a href=\"http:\/\/www.ikbalozelegitim.com\/wp-content\/uploads\/2016\/02\/IMG-20160413-WA0009.jpg\"><img loading=\"lazy\" class=\"aligncenter size-full wp-image-486\" src=\"http:\/\/www.ikbalozelegitim.com\/wp-content\/uploads\/2016\/02\/IMG-20160413-WA0009.jpg\" alt=\"IMG-20160413-WA0009\" width=\"1032\" height=\"581\" data-id=\"486\" srcset=\"http:\/\/www.ikbalozelegitim.com\/wp-content\/uploads\/2016\/02\/IMG-20160413-WA0009.jpg 1032w, http:\/\/www.ikbalozelegitim.com\/wp-content\/uploads\/2016\/02\/IMG-20160413-WA0009-300x169.jpg 300w, http:\/\/www.ikbalozelegitim.com\/wp-content\/uploads\/2016\/02\/IMG-20160413-WA0009-1024x576.jpg 1024w\" sizes=\"(max-width: 1032px) 100vw, 1032px\" \/><\/a><a href=\"http:\/\/www.ikbalozelegitim.com\/wp-content\/uploads\/2016\/02\/IMG-20160413-WA0005.jpg\"><img loading=\"lazy\" class=\"aligncenter size-full wp-image-478\" src=\"http:\/\/www.ikbalozelegitim.com\/wp-content\/uploads\/2016\/02\/IMG-20160413-WA0005.jpg\" alt=\"IMG-20160413-WA0005\" width=\"1280\" height=\"720\" data-id=\"478\" srcset=\"http:\/\/www.ikbalozelegitim.com\/wp-content\/uploads\/2016\/02\/IMG-20160413-WA0005.jpg 1280w, http:\/\/www.ikbalozelegitim.com\/wp-content\/uploads\/2016\/02\/IMG-20160413-WA0005-300x169.jpg 300w, http:\/\/www.ikbalozelegitim.com\/wp-content\/uploads\/2016\/02\/IMG-20160413-WA0005-1024x576.jpg 1024w\" sizes=\"(max-width: 1280px) 100vw, 1280px\" \/><\/a><a href=\"http:\/\/www.ikbalozelegitim.com\/wp-content\/uploads\/2016\/02\/IMG-20160413-WA0004.jpg\"><img loading=\"lazy\" class=\"aligncenter size-full wp-image-477\" src=\"http:\/\/www.ikbalozelegitim.com\/wp-content\/uploads\/2016\/02\/IMG-20160413-WA0004.jpg\" alt=\"IMG-20160413-WA0004\" width=\"1280\" height=\"720\" data-id=\"477\" srcset=\"http:\/\/www.ikbalozelegitim.com\/wp-content\/uploads\/2016\/02\/IMG-20160413-WA0004.jpg 1280w, http:\/\/www.ikbalozelegitim.com\/wp-content\/uploads\/2016\/02\/IMG-20160413-WA0004-300x169.jpg 300w, http:\/\/www.ikbalozelegitim.com\/wp-content\/uploads\/2016\/02\/IMG-20160413-WA0004-1024x576.jpg 1024w\" sizes=\"(max-width: 1280px) 100vw, 1280px\" \/><\/a><a href=\"http:\/\/www.ikbalozelegitim.com\/wp-content\/uploads\/2016\/02\/IMG-20160413-WA0002.jpg\"><img loading=\"lazy\" class=\"aligncenter size-full wp-image-475\" src=\"http:\/\/www.ikbalozelegitim.com\/wp-content\/uploads\/2016\/02\/IMG-20160413-WA0002.jpg\" alt=\"IMG-20160413-WA0002\" width=\"1280\" height=\"720\" data-id=\"475\" srcset=\"http:\/\/www.ikbalozelegitim.com\/wp-content\/uploads\/2016\/02\/IMG-20160413-WA0002.jpg 1280w, http:\/\/www.ikbalozelegitim.com\/wp-content\/uploads\/2016\/02\/IMG-20160413-WA0002-300x169.jpg 300w, http:\/\/www.ikbalozelegitim.com\/wp-content\/uploads\/2016\/02\/IMG-20160413-WA0002-1024x576.jpg 1024w\" sizes=\"(max-width: 1280px) 100vw, 1280px\" \/><\/a><a href=\"http:\/\/www.ikbalozelegitim.com\/wp-content\/uploads\/2016\/02\/IMG-20160413-WA0001.jpg\"><img loading=\"lazy\" class=\"aligncenter size-full wp-image-474\" src=\"http:\/\/www.ikbalozelegitim.com\/wp-content\/uploads\/2016\/02\/IMG-20160413-WA0001.jpg\" alt=\"IMG-20160413-WA0001\" width=\"1280\" height=\"720\" data-id=\"474\" srcset=\"http:\/\/www.ikbalozelegitim.com\/wp-content\/uploads\/2016\/02\/IMG-20160413-WA0001.jpg 1280w, http:\/\/www.ikbalozelegitim.com\/wp-content\/uploads\/2016\/02\/IMG-20160413-WA0001-300x169.jpg 300w, http:\/\/www.ikbalozelegitim.com\/wp-content\/uploads\/2016\/02\/IMG-20160413-WA0001-1024x576.jpg 1024w\" sizes=\"(max-width: 1280px) 100vw, 1280px\" \/><\/a><a href=\"http:\/\/www.ikbalozelegitim.com\/wp-content\/uploads\/2016\/02\/IMG-20160413-WA0000.jpg\"><img loading=\"lazy\" class=\"aligncenter size-full wp-image-473\" src=\"http:\/\/www.ikbalozelegitim.com\/wp-content\/uploads\/2016\/02\/IMG-20160413-WA0000.jpg\" alt=\"IMG-20160413-WA0000\" width=\"1280\" height=\"720\" data-id=\"473\" srcset=\"http:\/\/www.ikbalozelegitim.com\/wp-content\/uploads\/2016\/02\/IMG-20160413-WA0000.jpg 1280w, http:\/\/www.ikbalozelegitim.com\/wp-content\/uploads\/2016\/02\/IMG-20160413-WA0000-300x169.jpg 300w, http:\/\/www.ikbalozelegitim.com\/wp-content\/uploads\/2016\/02\/IMG-20160413-WA0000-1024x576.jpg 1024w\" sizes=\"(max-width: 1280px) 100vw, 1280px\" \/><\/a><a href=\"http:\/\/www.ikbalozelegitim.com\/wp-content\/uploads\/2016\/02\/12747922_541829989318680_2996779238660997652_o.jpg\"><img loading=\"lazy\" class=\"aligncenter size-full wp-image-467\" src=\"http:\/\/www.ikbalozelegitim.com\/wp-content\/uploads\/2016\/02\/12747922_541829989318680_2996779238660997652_o.jpg\" alt=\"12747922_541829989318680_2996779238660997652_o\" width=\"2048\" height=\"1360\" data-id=\"467\" srcset=\"http:\/\/www.ikbalozelegitim.com\/wp-content\/uploads\/2016\/02\/12747922_541829989318680_2996779238660997652_o.jpg 2048w, http:\/\/www.ikbalozelegitim.com\/wp-content\/uploads\/2016\/02\/12747922_541829989318680_2996779238660997652_o-300x199.jpg 300w, http:\/\/www.ikbalozelegitim.com\/wp-content\/uploads\/2016\/02\/12747922_541829989318680_2996779238660997652_o-1024x680.jpg 1024w\" sizes=\"(max-width: 2048px) 100vw, 2048px\" \/><\/a> <a href=\"http:\/\/www.ikbalozelegitim.com\/wp-content\/uploads\/2016\/02\/12771904_541829975985348_2784951331172921630_o.jpg\"><img loading=\"lazy\" class=\"aligncenter size-full wp-image-468\" src=\"http:\/\/www.ikbalozelegitim.com\/wp-content\/uploads\/2016\/02\/12771904_541829975985348_2784951331172921630_o.jpg\" alt=\"12771904_541829975985348_2784951331172921630_o\" width=\"2048\" height=\"1210\" data-id=\"468\" srcset=\"http:\/\/www.ikbalozelegitim.com\/wp-content\/uploads\/2016\/02\/12771904_541829975985348_2784951331172921630_o.jpg 2048w, http:\/\/www.ikbalozelegitim.com\/wp-content\/uploads\/2016\/02\/12771904_541829975985348_2784951331172921630_o-300x177.jpg 300w, http:\/\/www.ikbalozelegitim.com\/wp-content\/uploads\/2016\/02\/12771904_541829975985348_2784951331172921630_o-1024x605.jpg 1024w\" sizes=\"(max-width: 2048px) 100vw, 2048px\" \/><\/a> <a href=\"http:\/\/www.ikbalozelegitim.com\/wp-content\/uploads\/2016\/02\/12778691_541829985985347_7725579575001977156_o.jpg\"><img loading=\"lazy\" class=\"aligncenter size-full wp-image-469\" src=\"http:\/\/www.ikbalozelegitim.com\/wp-content\/uploads\/2016\/02\/12778691_541829985985347_7725579575001977156_o.jpg\" alt=\"12778691_541829985985347_7725579575001977156_o\" width=\"2048\" height=\"1360\" data-id=\"469\" srcset=\"http:\/\/www.ikbalozelegitim.com\/wp-content\/uploads\/2016\/02\/12778691_541829985985347_7725579575001977156_o.jpg 2048w, http:\/\/www.ikbalozelegitim.com\/wp-content\/uploads\/2016\/02\/12778691_541829985985347_7725579575001977156_o-300x199.jpg 300w, http:\/\/www.ikbalozelegitim.com\/wp-content\/uploads\/2016\/02\/12778691_541829985985347_7725579575001977156_o-1024x680.jpg 1024w\" sizes=\"(max-width: 2048px) 100vw, 2048px\" \/><\/a><\/p>\n","protected":false},"excerpt":{"rendered":"","protected":false},"author":1,"featured_media":0,"parent":0,"menu_order":0,"comment_status":"open","ping_status":"open","template":"","meta":[],"_links":{"self":[{"href":"http:\/\/www.ikbalozelegitim.com\/index.php\/wp-json\/wp\/v2\/pages\/466"}],"collection":[{"href":"http:\/\/www.ikbalozelegitim.com\/index.php\/wp-json\/wp\/v2\/pages"}],"about":[{"href":"http:\/\/www.ikbalozelegitim.com\/index.php\/wp-json\/wp\/v2\/types\/page"}],"author":[{"embeddable":true,"href":"http:\/\/www.ikbalozelegitim.com\/index.php\/wp-json\/wp\/v2\/users\/1"}],"replies":[{"embeddable":true,"href":"http:\/\/www.ikbalozelegitim.com\/index.php\/wp-json\/wp\/v2\/comments?post=466"}],"version-history":[{"count":7,"href":"http:\/\/www.ikbalozelegitim.com\/index.php\/wp-json\/wp\/v2\/pages\/466\/revisions"}],"predecessor-version":[{"id":487,"href":"http:\/\/www.ikbalozelegitim.com\/index.php\/wp-json\/wp\/v2\/pages\/466\/revisions\/487"}],"wp:attachment":[{"href":"http:\/\/www.ikbalozelegitim.com\/index.php\/wp-json\/wp\/v2\/media?parent=466"}],"curies":[{"name":"wp","href":"https:\/\/api.w.org\/{rel}","templated":true}]}}