{"id":513,"date":"2016-04-13T11:36:06","date_gmt":"2016-04-13T08:36:06","guid":{"rendered":"http:\/\/www.ikbalozelegitim.com\/?page_id=513"},"modified":"2016-04-13T11:36:13","modified_gmt":"2016-04-13T08:36:13","slug":"bilgi-yarismalarimiz","status":"publish","type":"page","link":"http:\/\/www.ikbalozelegitim.com\/index.php\/bilgi-yarismalarimiz\/","title":{"rendered":"B\u0130LG\u0130 YARI\u015eMALARIMIZ"},"content":{"rendered":"<p><a href=\"http:\/\/www.ikbalozelegitim.com\/wp-content\/uploads\/2016\/04\/IMG-20160413-WA0045.jpg\"><img loading=\"lazy\" class=\"aligncenter size-full wp-image-529\" src=\"http:\/\/www.ikbalozelegitim.com\/wp-content\/uploads\/2016\/04\/IMG-20160413-WA0045.jpg\" alt=\"IMG-20160413-WA0045\" width=\"1280\" height=\"768\" data-id=\"529\" srcset=\"http:\/\/www.ikbalozelegitim.com\/wp-content\/uploads\/2016\/04\/IMG-20160413-WA0045.jpg 1280w, http:\/\/www.ikbalozelegitim.com\/wp-content\/uploads\/2016\/04\/IMG-20160413-WA0045-300x180.jpg 300w, http:\/\/www.ikbalozelegitim.com\/wp-content\/uploads\/2016\/04\/IMG-20160413-WA0045-1024x614.jpg 1024w\" sizes=\"(max-width: 1280px) 100vw, 1280px\" \/><\/a><a href=\"http:\/\/www.ikbalozelegitim.com\/wp-content\/uploads\/2016\/04\/IMG-20160413-WA0044.jpg\"><img loading=\"lazy\" class=\"aligncenter size-full wp-image-528\" src=\"http:\/\/www.ikbalozelegitim.com\/wp-content\/uploads\/2016\/04\/IMG-20160413-WA0044.jpg\" alt=\"IMG-20160413-WA0044\" width=\"1280\" height=\"720\" data-id=\"528\" srcset=\"http:\/\/www.ikbalozelegitim.com\/wp-content\/uploads\/2016\/04\/IMG-20160413-WA0044.jpg 1280w, http:\/\/www.ikbalozelegitim.com\/wp-content\/uploads\/2016\/04\/IMG-20160413-WA0044-300x169.jpg 300w, http:\/\/www.ikbalozelegitim.com\/wp-content\/uploads\/2016\/04\/IMG-20160413-WA0044-1024x576.jpg 1024w\" sizes=\"(max-width: 1280px) 100vw, 1280px\" \/><\/a><a href=\"http:\/\/www.ikbalozelegitim.com\/wp-content\/uploads\/2016\/04\/IMG-20160413-WA0043.jpg\"><img loading=\"lazy\" class=\"aligncenter size-full wp-image-527\" src=\"http:\/\/www.ikbalozelegitim.com\/wp-content\/uploads\/2016\/04\/IMG-20160413-WA0043.jpg\" alt=\"IMG-20160413-WA0043\" width=\"1280\" height=\"720\" data-id=\"527\" srcset=\"http:\/\/www.ikbalozelegitim.com\/wp-content\/uploads\/2016\/04\/IMG-20160413-WA0043.jpg 1280w, http:\/\/www.ikbalozelegitim.com\/wp-content\/uploads\/2016\/04\/IMG-20160413-WA0043-300x169.jpg 300w, http:\/\/www.ikbalozelegitim.com\/wp-content\/uploads\/2016\/04\/IMG-20160413-WA0043-1024x576.jpg 1024w\" sizes=\"(max-width: 1280px) 100vw, 1280px\" \/><\/a><a href=\"http:\/\/www.ikbalozelegitim.com\/wp-content\/uploads\/2016\/04\/IMG-20160413-WA0042.jpg\"><img loading=\"lazy\" class=\"aligncenter size-full wp-image-526\" src=\"http:\/\/www.ikbalozelegitim.com\/wp-content\/uploads\/2016\/04\/IMG-20160413-WA0042.jpg\" alt=\"IMG-20160413-WA0042\" width=\"1280\" height=\"720\" data-id=\"526\" srcset=\"http:\/\/www.ikbalozelegitim.com\/wp-content\/uploads\/2016\/04\/IMG-20160413-WA0042.jpg 1280w, http:\/\/www.ikbalozelegitim.com\/wp-content\/uploads\/2016\/04\/IMG-20160413-WA0042-300x169.jpg 300w, http:\/\/www.ikbalozelegitim.com\/wp-content\/uploads\/2016\/04\/IMG-20160413-WA0042-1024x576.jpg 1024w\" sizes=\"(max-width: 1280px) 100vw, 1280px\" \/><\/a><a href=\"http:\/\/www.ikbalozelegitim.com\/wp-content\/uploads\/2016\/04\/IMG-20160413-WA0041.jpg\"><img loading=\"lazy\" class=\"aligncenter size-full wp-image-525\" src=\"http:\/\/www.ikbalozelegitim.com\/wp-content\/uploads\/2016\/04\/IMG-20160413-WA0041.jpg\" alt=\"IMG-20160413-WA0041\" width=\"1280\" height=\"720\" data-id=\"525\" srcset=\"http:\/\/www.ikbalozelegitim.com\/wp-content\/uploads\/2016\/04\/IMG-20160413-WA0041.jpg 1280w, http:\/\/www.ikbalozelegitim.com\/wp-content\/uploads\/2016\/04\/IMG-20160413-WA0041-300x169.jpg 300w, http:\/\/www.ikbalozelegitim.com\/wp-content\/uploads\/2016\/04\/IMG-20160413-WA0041-1024x576.jpg 1024w\" sizes=\"(max-width: 1280px) 100vw, 1280px\" \/><\/a><a href=\"http:\/\/www.ikbalozelegitim.com\/wp-content\/uploads\/2016\/04\/IMG-20160413-WA0040.jpg\"><img loading=\"lazy\" class=\"aligncenter size-full wp-image-524\" src=\"http:\/\/www.ikbalozelegitim.com\/wp-content\/uploads\/2016\/04\/IMG-20160413-WA0040.jpg\" alt=\"IMG-20160413-WA0040\" width=\"1280\" height=\"720\" data-id=\"524\" srcset=\"http:\/\/www.ikbalozelegitim.com\/wp-content\/uploads\/2016\/04\/IMG-20160413-WA0040.jpg 1280w, http:\/\/www.ikbalozelegitim.com\/wp-content\/uploads\/2016\/04\/IMG-20160413-WA0040-300x169.jpg 300w, http:\/\/www.ikbalozelegitim.com\/wp-content\/uploads\/2016\/04\/IMG-20160413-WA0040-1024x576.jpg 1024w\" sizes=\"(max-width: 1280px) 100vw, 1280px\" \/><\/a><a href=\"http:\/\/www.ikbalozelegitim.com\/wp-content\/uploads\/2016\/04\/IMG-20160413-WA0039.jpg\"><img loading=\"lazy\" class=\"aligncenter size-full wp-image-523\" src=\"http:\/\/www.ikbalozelegitim.com\/wp-content\/uploads\/2016\/04\/IMG-20160413-WA0039.jpg\" alt=\"IMG-20160413-WA0039\" width=\"1280\" height=\"720\" data-id=\"523\" srcset=\"http:\/\/www.ikbalozelegitim.com\/wp-content\/uploads\/2016\/04\/IMG-20160413-WA0039.jpg 1280w, http:\/\/www.ikbalozelegitim.com\/wp-content\/uploads\/2016\/04\/IMG-20160413-WA0039-300x169.jpg 300w, http:\/\/www.ikbalozelegitim.com\/wp-content\/uploads\/2016\/04\/IMG-20160413-WA0039-1024x576.jpg 1024w\" sizes=\"(max-width: 1280px) 100vw, 1280px\" \/><\/a><a href=\"http:\/\/www.ikbalozelegitim.com\/wp-content\/uploads\/2016\/04\/IMG-20160413-WA0039.jpg\"><img loading=\"lazy\" class=\"aligncenter size-full wp-image-523\" src=\"http:\/\/www.ikbalozelegitim.com\/wp-content\/uploads\/2016\/04\/IMG-20160413-WA0039.jpg\" alt=\"IMG-20160413-WA0039\" width=\"1280\" height=\"720\" data-id=\"523\" srcset=\"http:\/\/www.ikbalozelegitim.com\/wp-content\/uploads\/2016\/04\/IMG-20160413-WA0039.jpg 1280w, http:\/\/www.ikbalozelegitim.com\/wp-content\/uploads\/2016\/04\/IMG-20160413-WA0039-300x169.jpg 300w, http:\/\/www.ikbalozelegitim.com\/wp-content\/uploads\/2016\/04\/IMG-20160413-WA0039-1024x576.jpg 1024w\" sizes=\"(max-width: 1280px) 100vw, 1280px\" \/><\/a><a href=\"http:\/\/www.ikbalozelegitim.com\/wp-content\/uploads\/2016\/04\/IMG-20160413-WA0038.jpg\"><img loading=\"lazy\" class=\"aligncenter size-full wp-image-522\" src=\"http:\/\/www.ikbalozelegitim.com\/wp-content\/uploads\/2016\/04\/IMG-20160413-WA0038.jpg\" alt=\"IMG-20160413-WA0038\" width=\"1280\" height=\"720\" data-id=\"522\" srcset=\"http:\/\/www.ikbalozelegitim.com\/wp-content\/uploads\/2016\/04\/IMG-20160413-WA0038.jpg 1280w, http:\/\/www.ikbalozelegitim.com\/wp-content\/uploads\/2016\/04\/IMG-20160413-WA0038-300x169.jpg 300w, http:\/\/www.ikbalozelegitim.com\/wp-content\/uploads\/2016\/04\/IMG-20160413-WA0038-1024x576.jpg 1024w\" sizes=\"(max-width: 1280px) 100vw, 1280px\" \/><\/a><a href=\"http:\/\/www.ikbalozelegitim.com\/wp-content\/uploads\/2016\/04\/IMG-20160413-WA0037.jpg\"><img loading=\"lazy\" class=\"aligncenter size-full wp-image-521\" src=\"http:\/\/www.ikbalozelegitim.com\/wp-content\/uploads\/2016\/04\/IMG-20160413-WA0037.jpg\" alt=\"IMG-20160413-WA0037\" width=\"1280\" height=\"720\" data-id=\"521\" srcset=\"http:\/\/www.ikbalozelegitim.com\/wp-content\/uploads\/2016\/04\/IMG-20160413-WA0037.jpg 1280w, http:\/\/www.ikbalozelegitim.com\/wp-content\/uploads\/2016\/04\/IMG-20160413-WA0037-300x169.jpg 300w, http:\/\/www.ikbalozelegitim.com\/wp-content\/uploads\/2016\/04\/IMG-20160413-WA0037-1024x576.jpg 1024w\" sizes=\"(max-width: 1280px) 100vw, 1280px\" \/><\/a><a href=\"http:\/\/www.ikbalozelegitim.com\/wp-content\/uploads\/2016\/04\/IMG-20160413-WA0036.jpg\"><img loading=\"lazy\" class=\"aligncenter size-full wp-image-520\" src=\"http:\/\/www.ikbalozelegitim.com\/wp-content\/uploads\/2016\/04\/IMG-20160413-WA0036.jpg\" alt=\"IMG-20160413-WA0036\" width=\"1280\" height=\"720\" data-id=\"520\" srcset=\"http:\/\/www.ikbalozelegitim.com\/wp-content\/uploads\/2016\/04\/IMG-20160413-WA0036.jpg 1280w, http:\/\/www.ikbalozelegitim.com\/wp-content\/uploads\/2016\/04\/IMG-20160413-WA0036-300x169.jpg 300w, http:\/\/www.ikbalozelegitim.com\/wp-content\/uploads\/2016\/04\/IMG-20160413-WA0036-1024x576.jpg 1024w\" sizes=\"(max-width: 1280px) 100vw, 1280px\" \/><\/a><a href=\"http:\/\/www.ikbalozelegitim.com\/wp-content\/uploads\/2016\/04\/IMG-20160413-WA0035.jpg\"><img loading=\"lazy\" class=\"aligncenter size-full wp-image-519\" src=\"http:\/\/www.ikbalozelegitim.com\/wp-content\/uploads\/2016\/04\/IMG-20160413-WA0035.jpg\" alt=\"IMG-20160413-WA0035\" width=\"1280\" height=\"720\" data-id=\"519\" srcset=\"http:\/\/www.ikbalozelegitim.com\/wp-content\/uploads\/2016\/04\/IMG-20160413-WA0035.jpg 1280w, http:\/\/www.ikbalozelegitim.com\/wp-content\/uploads\/2016\/04\/IMG-20160413-WA0035-300x169.jpg 300w, http:\/\/www.ikbalozelegitim.com\/wp-content\/uploads\/2016\/04\/IMG-20160413-WA0035-1024x576.jpg 1024w\" sizes=\"(max-width: 1280px) 100vw, 1280px\" \/><\/a><a href=\"http:\/\/www.ikbalozelegitim.com\/wp-content\/uploads\/2016\/04\/IMG-20160413-WA0034.jpg\"><img loading=\"lazy\" class=\"aligncenter size-full wp-image-518\" src=\"http:\/\/www.ikbalozelegitim.com\/wp-content\/uploads\/2016\/04\/IMG-20160413-WA0034.jpg\" alt=\"IMG-20160413-WA0034\" width=\"1280\" height=\"720\" data-id=\"518\" srcset=\"http:\/\/www.ikbalozelegitim.com\/wp-content\/uploads\/2016\/04\/IMG-20160413-WA0034.jpg 1280w, http:\/\/www.ikbalozelegitim.com\/wp-content\/uploads\/2016\/04\/IMG-20160413-WA0034-300x169.jpg 300w, http:\/\/www.ikbalozelegitim.com\/wp-content\/uploads\/2016\/04\/IMG-20160413-WA0034-1024x576.jpg 1024w\" sizes=\"(max-width: 1280px) 100vw, 1280px\" \/><\/a><a href=\"http:\/\/www.ikbalozelegitim.com\/wp-content\/uploads\/2016\/04\/IMG-20160413-WA0033.jpg\"><img loading=\"lazy\" class=\"aligncenter size-full wp-image-517\" src=\"http:\/\/www.ikbalozelegitim.com\/wp-content\/uploads\/2016\/04\/IMG-20160413-WA0033.jpg\" alt=\"IMG-20160413-WA0033\" width=\"1280\" height=\"720\" data-id=\"517\" srcset=\"http:\/\/www.ikbalozelegitim.com\/wp-content\/uploads\/2016\/04\/IMG-20160413-WA0033.jpg 1280w, http:\/\/www.ikbalozelegitim.com\/wp-content\/uploads\/2016\/04\/IMG-20160413-WA0033-300x169.jpg 300w, http:\/\/www.ikbalozelegitim.com\/wp-content\/uploads\/2016\/04\/IMG-20160413-WA0033-1024x576.jpg 1024w\" sizes=\"(max-width: 1280px) 100vw, 1280px\" \/><\/a><a href=\"http:\/\/www.ikbalozelegitim.com\/wp-content\/uploads\/2016\/04\/IMG-20160413-WA0032.jpg\"><img loading=\"lazy\" class=\"aligncenter size-full wp-image-516\" src=\"http:\/\/www.ikbalozelegitim.com\/wp-content\/uploads\/2016\/04\/IMG-20160413-WA0032.jpg\" alt=\"IMG-20160413-WA0032\" width=\"1280\" height=\"720\" data-id=\"516\" srcset=\"http:\/\/www.ikbalozelegitim.com\/wp-content\/uploads\/2016\/04\/IMG-20160413-WA0032.jpg 1280w, http:\/\/www.ikbalozelegitim.com\/wp-content\/uploads\/2016\/04\/IMG-20160413-WA0032-300x169.jpg 300w, http:\/\/www.ikbalozelegitim.com\/wp-content\/uploads\/2016\/04\/IMG-20160413-WA0032-1024x576.jpg 1024w\" sizes=\"(max-width: 1280px) 100vw, 1280px\" \/><\/a><a href=\"http:\/\/www.ikbalozelegitim.com\/wp-content\/uploads\/2016\/04\/IMG-20160413-WA0031.jpg\"><img loading=\"lazy\" class=\"aligncenter size-full wp-image-515\" src=\"http:\/\/www.ikbalozelegitim.com\/wp-content\/uploads\/2016\/04\/IMG-20160413-WA0031.jpg\" alt=\"IMG-20160413-WA0031\" width=\"1280\" height=\"720\" data-id=\"515\" srcset=\"http:\/\/www.ikbalozelegitim.com\/wp-content\/uploads\/2016\/04\/IMG-20160413-WA0031.jpg 1280w, http:\/\/www.ikbalozelegitim.com\/wp-content\/uploads\/2016\/04\/IMG-20160413-WA0031-300x169.jpg 300w, http:\/\/www.ikbalozelegitim.com\/wp-content\/uploads\/2016\/04\/IMG-20160413-WA0031-1024x576.jpg 1024w\" sizes=\"(max-width: 1280px) 100vw, 1280px\" \/><\/a><a href=\"http:\/\/www.ikbalozelegitim.com\/wp-content\/uploads\/2016\/04\/IMG-20160413-WA0030.jpg\"><img loading=\"lazy\" class=\"aligncenter size-full wp-image-514\" src=\"http:\/\/www.ikbalozelegitim.com\/wp-content\/uploads\/2016\/04\/IMG-20160413-WA0030.jpg\" alt=\"IMG-20160413-WA0030\" width=\"1280\" height=\"720\" data-id=\"514\" srcset=\"http:\/\/www.ikbalozelegitim.com\/wp-content\/uploads\/2016\/04\/IMG-20160413-WA0030.jpg 1280w, http:\/\/www.ikbalozelegitim.com\/wp-content\/uploads\/2016\/04\/IMG-20160413-WA0030-300x169.jpg 300w, http:\/\/www.ikbalozelegitim.com\/wp-content\/uploads\/2016\/04\/IMG-20160413-WA0030-1024x576.jpg 1024w\" sizes=\"(max-width: 1280px) 100vw, 1280px\" \/><\/a><\/p>\n","protected":false},"excerpt":{"rendered":"","protected":false},"author":1,"featured_media":0,"parent":0,"menu_order":0,"comment_status":"open","ping_status":"open","template":"","meta":[],"_links":{"self":[{"href":"http:\/\/www.ikbalozelegitim.com\/index.php\/wp-json\/wp\/v2\/pages\/513"}],"collection":[{"href":"http:\/\/www.ikbalozelegitim.com\/index.php\/wp-json\/wp\/v2\/pages"}],"about":[{"href":"http:\/\/www.ikbalozelegitim.com\/index.php\/wp-json\/wp\/v2\/types\/page"}],"author":[{"embeddable":true,"href":"http:\/\/www.ikbalozelegitim.com\/index.php\/wp-json\/wp\/v2\/users\/1"}],"replies":[{"embeddable":true,"href":"http:\/\/www.ikbalozelegitim.com\/index.php\/wp-json\/wp\/v2\/comments?post=513"}],"version-history":[{"count":1,"href":"http:\/\/www.ikbalozelegitim.com\/index.php\/wp-json\/wp\/v2\/pages\/513\/revisions"}],"predecessor-version":[{"id":530,"href":"http:\/\/www.ikbalozelegitim.com\/index.php\/wp-json\/wp\/v2\/pages\/513\/revisions\/530"}],"wp:attachment":[{"href":"http:\/\/www.ikbalozelegitim.com\/index.php\/wp-json\/wp\/v2\/media?parent=513"}],"curies":[{"name":"wp","href":"https:\/\/api.w.org\/{rel}","templated":true}]}}