{"id":545,"date":"2016-05-27T18:44:42","date_gmt":"2016-05-27T15:44:42","guid":{"rendered":"http:\/\/www.ikbalozelegitim.com\/?page_id=545"},"modified":"2019-03-18T16:28:13","modified_gmt":"2019-03-18T13:28:13","slug":"10-16-mayis-ozel-bireyler-haftasi","status":"publish","type":"page","link":"http:\/\/www.ikbalozelegitim.com\/index.php\/10-16-mayis-ozel-bireyler-haftasi\/","title":{"rendered":"10-16 may\u0131s \u00f6zel bireyler haftas\u0131"},"content":{"rendered":"<p><a href=\"http:\/\/www.ikbalozelegitim.com\/wp-content\/uploads\/2016\/05\/13198634_1754229358132099_2214529581042998362_o.jpg\"><img loading=\"lazy\" class=\"aligncenter size-full wp-image-575\" src=\"http:\/\/www.ikbalozelegitim.com\/wp-content\/uploads\/2016\/05\/13198634_1754229358132099_2214529581042998362_o.jpg\" alt=\"13198634_1754229358132099_2214529581042998362_o\" width=\"1280\" height=\"720\" data-id=\"575\" srcset=\"http:\/\/www.ikbalozelegitim.com\/wp-content\/uploads\/2016\/05\/13198634_1754229358132099_2214529581042998362_o.jpg 1280w, http:\/\/www.ikbalozelegitim.com\/wp-content\/uploads\/2016\/05\/13198634_1754229358132099_2214529581042998362_o-300x169.jpg 300w, http:\/\/www.ikbalozelegitim.com\/wp-content\/uploads\/2016\/05\/13198634_1754229358132099_2214529581042998362_o-1024x576.jpg 1024w\" sizes=\"(max-width: 1280px) 100vw, 1280px\" \/><\/a><a href=\"http:\/\/www.ikbalozelegitim.com\/wp-content\/uploads\/2016\/05\/13217258_1754229298132105_6960756847319127959_o.jpg\"><img loading=\"lazy\" class=\"aligncenter size-full wp-image-576\" src=\"http:\/\/www.ikbalozelegitim.com\/wp-content\/uploads\/2016\/05\/13217258_1754229298132105_6960756847319127959_o.jpg\" alt=\"13217258_1754229298132105_6960756847319127959_o\" width=\"720\" height=\"1280\" data-id=\"576\" srcset=\"http:\/\/www.ikbalozelegitim.com\/wp-content\/uploads\/2016\/05\/13217258_1754229298132105_6960756847319127959_o.jpg 720w, http:\/\/www.ikbalozelegitim.com\/wp-content\/uploads\/2016\/05\/13217258_1754229298132105_6960756847319127959_o-169x300.jpg 169w, http:\/\/www.ikbalozelegitim.com\/wp-content\/uploads\/2016\/05\/13217258_1754229298132105_6960756847319127959_o-576x1024.jpg 576w\" sizes=\"(max-width: 720px) 100vw, 720px\" \/><\/a><a href=\"http:\/\/www.ikbalozelegitim.com\/wp-content\/uploads\/2016\/05\/13178609_1754237964797905_8307679519562858420_n.jpg\"><img loading=\"lazy\" class=\"aligncenter size-full wp-image-563\" src=\"http:\/\/www.ikbalozelegitim.com\/wp-content\/uploads\/2016\/05\/13178609_1754237964797905_8307679519562858420_n.jpg\" alt=\"13178609_1754237964797905_8307679519562858420_n\" width=\"720\" height=\"480\" data-id=\"563\" srcset=\"http:\/\/www.ikbalozelegitim.com\/wp-content\/uploads\/2016\/05\/13178609_1754237964797905_8307679519562858420_n.jpg 720w, http:\/\/www.ikbalozelegitim.com\/wp-content\/uploads\/2016\/05\/13178609_1754237964797905_8307679519562858420_n-300x200.jpg 300w\" sizes=\"(max-width: 720px) 100vw, 720px\" \/><\/a><a href=\"http:\/\/www.ikbalozelegitim.com\/wp-content\/uploads\/2016\/05\/13178749_1754237978131237_7391630775670948419_n.jpg\"><img loading=\"lazy\" class=\"aligncenter size-full wp-image-564\" src=\"http:\/\/www.ikbalozelegitim.com\/wp-content\/uploads\/2016\/05\/13178749_1754237978131237_7391630775670948419_n.jpg\" alt=\"13178749_1754237978131237_7391630775670948419_n\" width=\"720\" height=\"476\" data-id=\"564\" srcset=\"http:\/\/www.ikbalozelegitim.com\/wp-content\/uploads\/2016\/05\/13178749_1754237978131237_7391630775670948419_n.jpg 720w, http:\/\/www.ikbalozelegitim.com\/wp-content\/uploads\/2016\/05\/13178749_1754237978131237_7391630775670948419_n-300x198.jpg 300w\" sizes=\"(max-width: 720px) 100vw, 720px\" \/><\/a><a href=\"http:\/\/www.ikbalozelegitim.com\/wp-content\/uploads\/2016\/05\/11259660_1754230714798630_5335963164529469789_o.jpg\"><img loading=\"lazy\" class=\"aligncenter size-full wp-image-558\" src=\"http:\/\/www.ikbalozelegitim.com\/wp-content\/uploads\/2016\/05\/11259660_1754230714798630_5335963164529469789_o.jpg\" alt=\"11259660_1754230714798630_5335963164529469789_o\" width=\"720\" height=\"1280\" data-id=\"558\" srcset=\"http:\/\/www.ikbalozelegitim.com\/wp-content\/uploads\/2016\/05\/11259660_1754230714798630_5335963164529469789_o.jpg 720w, http:\/\/www.ikbalozelegitim.com\/wp-content\/uploads\/2016\/05\/11259660_1754230714798630_5335963164529469789_o-169x300.jpg 169w, http:\/\/www.ikbalozelegitim.com\/wp-content\/uploads\/2016\/05\/11259660_1754230714798630_5335963164529469789_o-576x1024.jpg 576w\" sizes=\"(max-width: 720px) 100vw, 720px\" \/><\/a><a href=\"http:\/\/www.ikbalozelegitim.com\/wp-content\/uploads\/2016\/05\/13173060_1754230188132016_6396834260274308103_o.jpg\"><img loading=\"lazy\" class=\"aligncenter size-full wp-image-559\" src=\"http:\/\/www.ikbalozelegitim.com\/wp-content\/uploads\/2016\/05\/13173060_1754230188132016_6396834260274308103_o.jpg\" alt=\"13173060_1754230188132016_6396834260274308103_o\" width=\"720\" height=\"1280\" data-id=\"559\" srcset=\"http:\/\/www.ikbalozelegitim.com\/wp-content\/uploads\/2016\/05\/13173060_1754230188132016_6396834260274308103_o.jpg 720w, http:\/\/www.ikbalozelegitim.com\/wp-content\/uploads\/2016\/05\/13173060_1754230188132016_6396834260274308103_o-169x300.jpg 169w, http:\/\/www.ikbalozelegitim.com\/wp-content\/uploads\/2016\/05\/13173060_1754230188132016_6396834260274308103_o-576x1024.jpg 576w\" sizes=\"(max-width: 720px) 100vw, 720px\" \/><\/a><a href=\"http:\/\/www.ikbalozelegitim.com\/wp-content\/uploads\/2016\/05\/13217335_1754230508131984_8304055801301117774_o.jpg\"><img loading=\"lazy\" class=\"aligncenter size-full wp-image-560\" src=\"http:\/\/www.ikbalozelegitim.com\/wp-content\/uploads\/2016\/05\/13217335_1754230508131984_8304055801301117774_o.jpg\" alt=\"13217335_1754230508131984_8304055801301117774_o\" width=\"1280\" height=\"720\" data-id=\"560\" srcset=\"http:\/\/www.ikbalozelegitim.com\/wp-content\/uploads\/2016\/05\/13217335_1754230508131984_8304055801301117774_o.jpg 1280w, http:\/\/www.ikbalozelegitim.com\/wp-content\/uploads\/2016\/05\/13217335_1754230508131984_8304055801301117774_o-300x169.jpg 300w, http:\/\/www.ikbalozelegitim.com\/wp-content\/uploads\/2016\/05\/13217335_1754230508131984_8304055801301117774_o-1024x576.jpg 1024w\" sizes=\"(max-width: 1280px) 100vw, 1280px\" \/><\/a><a href=\"http:\/\/www.ikbalozelegitim.com\/wp-content\/uploads\/2016\/05\/13227411_1754230628131972_6122729906453039338_o.jpg\"><img loading=\"lazy\" class=\"aligncenter size-full wp-image-561\" src=\"http:\/\/www.ikbalozelegitim.com\/wp-content\/uploads\/2016\/05\/13227411_1754230628131972_6122729906453039338_o.jpg\" alt=\"13227411_1754230628131972_6122729906453039338_o\" width=\"720\" height=\"1280\" data-id=\"561\" srcset=\"http:\/\/www.ikbalozelegitim.com\/wp-content\/uploads\/2016\/05\/13227411_1754230628131972_6122729906453039338_o.jpg 720w, http:\/\/www.ikbalozelegitim.com\/wp-content\/uploads\/2016\/05\/13227411_1754230628131972_6122729906453039338_o-169x300.jpg 169w, http:\/\/www.ikbalozelegitim.com\/wp-content\/uploads\/2016\/05\/13227411_1754230628131972_6122729906453039338_o-576x1024.jpg 576w\" sizes=\"(max-width: 720px) 100vw, 720px\" \/><\/a><a href=\"http:\/\/www.ikbalozelegitim.com\/wp-content\/uploads\/2016\/05\/IMG-20160513-WA0075.jpg\"><img loading=\"lazy\" class=\"aligncenter size-full wp-image-556\" src=\"http:\/\/www.ikbalozelegitim.com\/wp-content\/uploads\/2016\/05\/IMG-20160513-WA0075.jpg\" alt=\"IMG-20160513-WA0075\" width=\"1032\" height=\"581\" data-id=\"556\" srcset=\"http:\/\/www.ikbalozelegitim.com\/wp-content\/uploads\/2016\/05\/IMG-20160513-WA0075.jpg 1032w, http:\/\/www.ikbalozelegitim.com\/wp-content\/uploads\/2016\/05\/IMG-20160513-WA0075-300x169.jpg 300w, http:\/\/www.ikbalozelegitim.com\/wp-content\/uploads\/2016\/05\/IMG-20160513-WA0075-1024x576.jpg 1024w\" sizes=\"(max-width: 1032px) 100vw, 1032px\" \/><\/a><a href=\"http:\/\/www.ikbalozelegitim.com\/wp-content\/uploads\/2016\/05\/IMG-20160513-WA0058.jpg\"><img loading=\"lazy\" class=\"aligncenter size-full wp-image-555\" src=\"http:\/\/www.ikbalozelegitim.com\/wp-content\/uploads\/2016\/05\/IMG-20160513-WA0058.jpg\" alt=\"IMG-20160513-WA0058\" width=\"1032\" height=\"581\" data-id=\"555\" srcset=\"http:\/\/www.ikbalozelegitim.com\/wp-content\/uploads\/2016\/05\/IMG-20160513-WA0058.jpg 1032w, http:\/\/www.ikbalozelegitim.com\/wp-content\/uploads\/2016\/05\/IMG-20160513-WA0058-300x169.jpg 300w, http:\/\/www.ikbalozelegitim.com\/wp-content\/uploads\/2016\/05\/IMG-20160513-WA0058-1024x576.jpg 1024w\" sizes=\"(max-width: 1032px) 100vw, 1032px\" \/><\/a><a href=\"http:\/\/www.ikbalozelegitim.com\/wp-content\/uploads\/2016\/05\/IMG-20160513-WA0050.jpg\"><img loading=\"lazy\" class=\"aligncenter size-full wp-image-554\" src=\"http:\/\/www.ikbalozelegitim.com\/wp-content\/uploads\/2016\/05\/IMG-20160513-WA0050.jpg\" alt=\"IMG-20160513-WA0050\" width=\"1032\" height=\"581\" data-id=\"554\" srcset=\"http:\/\/www.ikbalozelegitim.com\/wp-content\/uploads\/2016\/05\/IMG-20160513-WA0050.jpg 1032w, http:\/\/www.ikbalozelegitim.com\/wp-content\/uploads\/2016\/05\/IMG-20160513-WA0050-300x169.jpg 300w, http:\/\/www.ikbalozelegitim.com\/wp-content\/uploads\/2016\/05\/IMG-20160513-WA0050-1024x576.jpg 1024w\" sizes=\"(max-width: 1032px) 100vw, 1032px\" \/><\/a><a href=\"http:\/\/www.ikbalozelegitim.com\/wp-content\/uploads\/2016\/05\/IMG-20160513-WA0047.jpg\"><img loading=\"lazy\" class=\"aligncenter size-full wp-image-553\" src=\"http:\/\/www.ikbalozelegitim.com\/wp-content\/uploads\/2016\/05\/IMG-20160513-WA0047.jpg\" alt=\"IMG-20160513-WA0047\" width=\"581\" height=\"1032\" data-id=\"553\" srcset=\"http:\/\/www.ikbalozelegitim.com\/wp-content\/uploads\/2016\/05\/IMG-20160513-WA0047.jpg 581w, http:\/\/www.ikbalozelegitim.com\/wp-content\/uploads\/2016\/05\/IMG-20160513-WA0047-169x300.jpg 169w, http:\/\/www.ikbalozelegitim.com\/wp-content\/uploads\/2016\/05\/IMG-20160513-WA0047-576x1024.jpg 576w\" sizes=\"(max-width: 581px) 100vw, 581px\" \/><\/a><a href=\"http:\/\/www.ikbalozelegitim.com\/wp-content\/uploads\/2016\/05\/IMG-20160513-WA0045.jpg\"><img loading=\"lazy\" class=\"aligncenter size-full wp-image-552\" src=\"http:\/\/www.ikbalozelegitim.com\/wp-content\/uploads\/2016\/05\/IMG-20160513-WA0045.jpg\" alt=\"IMG-20160513-WA0045\" width=\"1032\" height=\"581\" data-id=\"552\" srcset=\"http:\/\/www.ikbalozelegitim.com\/wp-content\/uploads\/2016\/05\/IMG-20160513-WA0045.jpg 1032w, http:\/\/www.ikbalozelegitim.com\/wp-content\/uploads\/2016\/05\/IMG-20160513-WA0045-300x169.jpg 300w, http:\/\/www.ikbalozelegitim.com\/wp-content\/uploads\/2016\/05\/IMG-20160513-WA0045-1024x576.jpg 1024w\" sizes=\"(max-width: 1032px) 100vw, 1032px\" \/><\/a><a href=\"http:\/\/www.ikbalozelegitim.com\/wp-content\/uploads\/2016\/05\/IMG-20160513-WA0042.jpg\"><img loading=\"lazy\" class=\"aligncenter size-full wp-image-551\" src=\"http:\/\/www.ikbalozelegitim.com\/wp-content\/uploads\/2016\/05\/IMG-20160513-WA0042.jpg\" alt=\"IMG-20160513-WA0042\" width=\"581\" height=\"1032\" data-id=\"551\" srcset=\"http:\/\/www.ikbalozelegitim.com\/wp-content\/uploads\/2016\/05\/IMG-20160513-WA0042.jpg 581w, http:\/\/www.ikbalozelegitim.com\/wp-content\/uploads\/2016\/05\/IMG-20160513-WA0042-169x300.jpg 169w, http:\/\/www.ikbalozelegitim.com\/wp-content\/uploads\/2016\/05\/IMG-20160513-WA0042-576x1024.jpg 576w\" sizes=\"(max-width: 581px) 100vw, 581px\" \/><\/a><a href=\"http:\/\/www.ikbalozelegitim.com\/wp-content\/uploads\/2016\/05\/IMG-20160513-WA0039.jpg\"><img loading=\"lazy\" class=\"aligncenter size-full wp-image-550\" src=\"http:\/\/www.ikbalozelegitim.com\/wp-content\/uploads\/2016\/05\/IMG-20160513-WA0039.jpg\" alt=\"IMG-20160513-WA0039\" width=\"1032\" height=\"581\" data-id=\"550\" srcset=\"http:\/\/www.ikbalozelegitim.com\/wp-content\/uploads\/2016\/05\/IMG-20160513-WA0039.jpg 1032w, http:\/\/www.ikbalozelegitim.com\/wp-content\/uploads\/2016\/05\/IMG-20160513-WA0039-300x169.jpg 300w, http:\/\/www.ikbalozelegitim.com\/wp-content\/uploads\/2016\/05\/IMG-20160513-WA0039-1024x576.jpg 1024w\" sizes=\"(max-width: 1032px) 100vw, 1032px\" \/><\/a><a href=\"http:\/\/www.ikbalozelegitim.com\/wp-content\/uploads\/2016\/05\/IMG-20160513-WA0006.jpg\"><img loading=\"lazy\" class=\"aligncenter size-full wp-image-547\" src=\"http:\/\/www.ikbalozelegitim.com\/wp-content\/uploads\/2016\/05\/IMG-20160513-WA0006.jpg\" alt=\"IMG-20160513-WA0006\" width=\"581\" height=\"1032\" data-id=\"547\" srcset=\"http:\/\/www.ikbalozelegitim.com\/wp-content\/uploads\/2016\/05\/IMG-20160513-WA0006.jpg 581w, http:\/\/www.ikbalozelegitim.com\/wp-content\/uploads\/2016\/05\/IMG-20160513-WA0006-169x300.jpg 169w, http:\/\/www.ikbalozelegitim.com\/wp-content\/uploads\/2016\/05\/IMG-20160513-WA0006-576x1024.jpg 576w\" sizes=\"(max-width: 581px) 100vw, 581px\" \/><\/a><a href=\"http:\/\/www.ikbalozelegitim.com\/wp-content\/uploads\/2016\/05\/IMG-20160513-WA0004.jpg\"><img loading=\"lazy\" class=\"aligncenter size-full wp-image-546\" src=\"http:\/\/www.ikbalozelegitim.com\/wp-content\/uploads\/2016\/05\/IMG-20160513-WA0004.jpg\" alt=\"IMG-20160513-WA0004\" width=\"581\" height=\"1032\" data-id=\"546\" srcset=\"http:\/\/www.ikbalozelegitim.com\/wp-content\/uploads\/2016\/05\/IMG-20160513-WA0004.jpg 581w, http:\/\/www.ikbalozelegitim.com\/wp-content\/uploads\/2016\/05\/IMG-20160513-WA0004-169x300.jpg 169w, http:\/\/www.ikbalozelegitim.com\/wp-content\/uploads\/2016\/05\/IMG-20160513-WA0004-576x1024.jpg 576w\" sizes=\"(max-width: 581px) 100vw, 581px\" \/><\/a><a href=\"http:\/\/www.ikbalozelegitim.com\/wp-content\/uploads\/2016\/05\/IMG-20160513-WA0010.jpg\"><img loading=\"lazy\" class=\"aligncenter size-full wp-image-549\" src=\"http:\/\/www.ikbalozelegitim.com\/wp-content\/uploads\/2016\/05\/IMG-20160513-WA0010.jpg\" alt=\"IMG-20160513-WA0010\" width=\"581\" height=\"1032\" data-id=\"549\" srcset=\"http:\/\/www.ikbalozelegitim.com\/wp-content\/uploads\/2016\/05\/IMG-20160513-WA0010.jpg 581w, http:\/\/www.ikbalozelegitim.com\/wp-content\/uploads\/2016\/05\/IMG-20160513-WA0010-169x300.jpg 169w, http:\/\/www.ikbalozelegitim.com\/wp-content\/uploads\/2016\/05\/IMG-20160513-WA0010-576x1024.jpg 576w\" sizes=\"(max-width: 581px) 100vw, 581px\" \/><\/a><\/p>\n","protected":false},"excerpt":{"rendered":"","protected":false},"author":1,"featured_media":0,"parent":0,"menu_order":0,"comment_status":"open","ping_status":"open","template":"","meta":[],"_links":{"self":[{"href":"http:\/\/www.ikbalozelegitim.com\/index.php\/wp-json\/wp\/v2\/pages\/545"}],"collection":[{"href":"http:\/\/www.ikbalozelegitim.com\/index.php\/wp-json\/wp\/v2\/pages"}],"about":[{"href":"http:\/\/www.ikbalozelegitim.com\/index.php\/wp-json\/wp\/v2\/types\/page"}],"author":[{"embeddable":true,"href":"http:\/\/www.ikbalozelegitim.com\/index.php\/wp-json\/wp\/v2\/users\/1"}],"replies":[{"embeddable":true,"href":"http:\/\/www.ikbalozelegitim.com\/index.php\/wp-json\/wp\/v2\/comments?post=545"}],"version-history":[{"count":4,"href":"http:\/\/www.ikbalozelegitim.com\/index.php\/wp-json\/wp\/v2\/pages\/545\/revisions"}],"predecessor-version":[{"id":577,"href":"http:\/\/www.ikbalozelegitim.com\/index.php\/wp-json\/wp\/v2\/pages\/545\/revisions\/577"}],"wp:attachment":[{"href":"http:\/\/www.ikbalozelegitim.com\/index.php\/wp-json\/wp\/v2\/media?parent=545"}],"curies":[{"name":"wp","href":"https:\/\/api.w.org\/{rel}","templated":true}]}}