{"id":567,"date":"2016-05-27T18:54:09","date_gmt":"2016-05-27T15:54:09","guid":{"rendered":"http:\/\/www.ikbalozelegitim.com\/?page_id=567"},"modified":"2016-05-27T18:54:09","modified_gmt":"2016-05-27T15:54:09","slug":"bugunun-cocugu","status":"publish","type":"page","link":"http:\/\/www.ikbalozelegitim.com\/index.php\/bugunun-cocugu\/","title":{"rendered":"bug\u00fcn\u00fcn \u00e7ocu\u011fu"},"content":{"rendered":"<p><a href=\"http:\/\/www.ikbalozelegitim.com\/wp-content\/uploads\/2016\/05\/13248366_1755889961299372_8286627166450402628_o.jpg\"><img loading=\"lazy\" class=\"aligncenter size-full wp-image-573\" src=\"http:\/\/www.ikbalozelegitim.com\/wp-content\/uploads\/2016\/05\/13248366_1755889961299372_8286627166450402628_o.jpg\" alt=\"13248366_1755889961299372_8286627166450402628_o\" width=\"960\" height=\"1280\" data-id=\"573\" srcset=\"http:\/\/www.ikbalozelegitim.com\/wp-content\/uploads\/2016\/05\/13248366_1755889961299372_8286627166450402628_o.jpg 960w, http:\/\/www.ikbalozelegitim.com\/wp-content\/uploads\/2016\/05\/13248366_1755889961299372_8286627166450402628_o-225x300.jpg 225w, http:\/\/www.ikbalozelegitim.com\/wp-content\/uploads\/2016\/05\/13248366_1755889961299372_8286627166450402628_o-768x1024.jpg 768w\" sizes=\"(max-width: 960px) 100vw, 960px\" \/><\/a><a href=\"http:\/\/www.ikbalozelegitim.com\/wp-content\/uploads\/2016\/05\/13221422_1755889897966045_9207101247960665911_o.jpg\"><img loading=\"lazy\" class=\"aligncenter size-full wp-image-572\" src=\"http:\/\/www.ikbalozelegitim.com\/wp-content\/uploads\/2016\/05\/13221422_1755889897966045_9207101247960665911_o.jpg\" alt=\"13221422_1755889897966045_9207101247960665911_o\" width=\"960\" height=\"1280\" data-id=\"572\" srcset=\"http:\/\/www.ikbalozelegitim.com\/wp-content\/uploads\/2016\/05\/13221422_1755889897966045_9207101247960665911_o.jpg 960w, http:\/\/www.ikbalozelegitim.com\/wp-content\/uploads\/2016\/05\/13221422_1755889897966045_9207101247960665911_o-225x300.jpg 225w, http:\/\/www.ikbalozelegitim.com\/wp-content\/uploads\/2016\/05\/13221422_1755889897966045_9207101247960665911_o-768x1024.jpg 768w\" sizes=\"(max-width: 960px) 100vw, 960px\" \/><\/a><a href=\"http:\/\/www.ikbalozelegitim.com\/wp-content\/uploads\/2016\/05\/13220572_1753809241507444_3414058286547582564_o.jpg\"><img loading=\"lazy\" class=\"aligncenter size-full wp-image-571\" src=\"http:\/\/www.ikbalozelegitim.com\/wp-content\/uploads\/2016\/05\/13220572_1753809241507444_3414058286547582564_o.jpg\" alt=\"13220572_1753809241507444_3414058286547582564_o\" width=\"581\" height=\"1032\" data-id=\"571\" srcset=\"http:\/\/www.ikbalozelegitim.com\/wp-content\/uploads\/2016\/05\/13220572_1753809241507444_3414058286547582564_o.jpg 581w, http:\/\/www.ikbalozelegitim.com\/wp-content\/uploads\/2016\/05\/13220572_1753809241507444_3414058286547582564_o-169x300.jpg 169w, http:\/\/www.ikbalozelegitim.com\/wp-content\/uploads\/2016\/05\/13220572_1753809241507444_3414058286547582564_o-576x1024.jpg 576w\" sizes=\"(max-width: 581px) 100vw, 581px\" \/><\/a><a href=\"http:\/\/www.ikbalozelegitim.com\/wp-content\/uploads\/2016\/05\/13217511_1753809214840780_4797595488835098426_o.jpg\"><img loading=\"lazy\" class=\"aligncenter size-full wp-image-570\" src=\"http:\/\/www.ikbalozelegitim.com\/wp-content\/uploads\/2016\/05\/13217511_1753809214840780_4797595488835098426_o.jpg\" alt=\"13217511_1753809214840780_4797595488835098426_o\" width=\"581\" height=\"1032\" data-id=\"570\" srcset=\"http:\/\/www.ikbalozelegitim.com\/wp-content\/uploads\/2016\/05\/13217511_1753809214840780_4797595488835098426_o.jpg 581w, http:\/\/www.ikbalozelegitim.com\/wp-content\/uploads\/2016\/05\/13217511_1753809214840780_4797595488835098426_o-169x300.jpg 169w, http:\/\/www.ikbalozelegitim.com\/wp-content\/uploads\/2016\/05\/13217511_1753809214840780_4797595488835098426_o-576x1024.jpg 576w\" sizes=\"(max-width: 581px) 100vw, 581px\" \/><\/a><\/p>\n","protected":false},"excerpt":{"rendered":"","protected":false},"author":1,"featured_media":0,"parent":0,"menu_order":0,"comment_status":"open","ping_status":"open","template":"","meta":[],"_links":{"self":[{"href":"http:\/\/www.ikbalozelegitim.com\/index.php\/wp-json\/wp\/v2\/pages\/567"}],"collection":[{"href":"http:\/\/www.ikbalozelegitim.com\/index.php\/wp-json\/wp\/v2\/pages"}],"about":[{"href":"http:\/\/www.ikbalozelegitim.com\/index.php\/wp-json\/wp\/v2\/types\/page"}],"author":[{"embeddable":true,"href":"http:\/\/www.ikbalozelegitim.com\/index.php\/wp-json\/wp\/v2\/users\/1"}],"replies":[{"embeddable":true,"href":"http:\/\/www.ikbalozelegitim.com\/index.php\/wp-json\/wp\/v2\/comments?post=567"}],"version-history":[{"count":1,"href":"http:\/\/www.ikbalozelegitim.com\/index.php\/wp-json\/wp\/v2\/pages\/567\/revisions"}],"predecessor-version":[{"id":574,"href":"http:\/\/www.ikbalozelegitim.com\/index.php\/wp-json\/wp\/v2\/pages\/567\/revisions\/574"}],"wp:attachment":[{"href":"http:\/\/www.ikbalozelegitim.com\/index.php\/wp-json\/wp\/v2\/media?parent=567"}],"curies":[{"name":"wp","href":"https:\/\/api.w.org\/{rel}","templated":true}]}}