{"id":578,"date":"2016-05-27T18:59:19","date_gmt":"2016-05-27T15:59:19","guid":{"rendered":"http:\/\/www.ikbalozelegitim.com\/?page_id=578"},"modified":"2016-05-27T18:59:19","modified_gmt":"2016-05-27T15:59:19","slug":"alisveris-haftamiz","status":"publish","type":"page","link":"http:\/\/www.ikbalozelegitim.com\/index.php\/alisveris-haftamiz\/","title":{"rendered":"Al\u0131\u015fveri\u015f Haftam\u0131z"},"content":{"rendered":"<p><a href=\"http:\/\/www.ikbalozelegitim.com\/wp-content\/uploads\/2016\/05\/13254675_1755891011299267_6814427054435727269_o.jpg\"><img loading=\"lazy\" class=\"aligncenter size-full wp-image-584\" src=\"http:\/\/www.ikbalozelegitim.com\/wp-content\/uploads\/2016\/05\/13254675_1755891011299267_6814427054435727269_o.jpg\" alt=\"13254675_1755891011299267_6814427054435727269_o\" width=\"1280\" height=\"720\" data-id=\"584\" srcset=\"http:\/\/www.ikbalozelegitim.com\/wp-content\/uploads\/2016\/05\/13254675_1755891011299267_6814427054435727269_o.jpg 1280w, http:\/\/www.ikbalozelegitim.com\/wp-content\/uploads\/2016\/05\/13254675_1755891011299267_6814427054435727269_o-300x169.jpg 300w, http:\/\/www.ikbalozelegitim.com\/wp-content\/uploads\/2016\/05\/13254675_1755891011299267_6814427054435727269_o-1024x576.jpg 1024w\" sizes=\"(max-width: 1280px) 100vw, 1280px\" \/><\/a><a href=\"http:\/\/www.ikbalozelegitim.com\/wp-content\/uploads\/2016\/05\/13247685_1755891167965918_437285005447898297_o.jpg\"><img loading=\"lazy\" class=\"aligncenter size-full wp-image-583\" src=\"http:\/\/www.ikbalozelegitim.com\/wp-content\/uploads\/2016\/05\/13247685_1755891167965918_437285005447898297_o.jpg\" alt=\"13247685_1755891167965918_437285005447898297_o\" width=\"720\" height=\"1280\" data-id=\"583\" srcset=\"http:\/\/www.ikbalozelegitim.com\/wp-content\/uploads\/2016\/05\/13247685_1755891167965918_437285005447898297_o.jpg 720w, http:\/\/www.ikbalozelegitim.com\/wp-content\/uploads\/2016\/05\/13247685_1755891167965918_437285005447898297_o-169x300.jpg 169w, http:\/\/www.ikbalozelegitim.com\/wp-content\/uploads\/2016\/05\/13247685_1755891167965918_437285005447898297_o-576x1024.jpg 576w\" sizes=\"(max-width: 720px) 100vw, 720px\" \/><\/a><a href=\"http:\/\/www.ikbalozelegitim.com\/wp-content\/uploads\/2016\/05\/13246225_1755891197965915_6682464373755400890_o.jpg\"><img loading=\"lazy\" class=\"aligncenter size-full wp-image-582\" src=\"http:\/\/www.ikbalozelegitim.com\/wp-content\/uploads\/2016\/05\/13246225_1755891197965915_6682464373755400890_o.jpg\" alt=\"13246225_1755891197965915_6682464373755400890_o\" width=\"1280\" height=\"720\" data-id=\"582\" srcset=\"http:\/\/www.ikbalozelegitim.com\/wp-content\/uploads\/2016\/05\/13246225_1755891197965915_6682464373755400890_o.jpg 1280w, http:\/\/www.ikbalozelegitim.com\/wp-content\/uploads\/2016\/05\/13246225_1755891197965915_6682464373755400890_o-300x169.jpg 300w, http:\/\/www.ikbalozelegitim.com\/wp-content\/uploads\/2016\/05\/13246225_1755891197965915_6682464373755400890_o-1024x576.jpg 1024w\" sizes=\"(max-width: 1280px) 100vw, 1280px\" \/><\/a><a href=\"http:\/\/www.ikbalozelegitim.com\/wp-content\/uploads\/2016\/05\/13243998_1755891057965929_8413402370969955051_o.jpg\"><img loading=\"lazy\" class=\"aligncenter size-full wp-image-581\" src=\"http:\/\/www.ikbalozelegitim.com\/wp-content\/uploads\/2016\/05\/13243998_1755891057965929_8413402370969955051_o.jpg\" alt=\"13243998_1755891057965929_8413402370969955051_o\" width=\"1280\" height=\"720\" data-id=\"581\" srcset=\"http:\/\/www.ikbalozelegitim.com\/wp-content\/uploads\/2016\/05\/13243998_1755891057965929_8413402370969955051_o.jpg 1280w, http:\/\/www.ikbalozelegitim.com\/wp-content\/uploads\/2016\/05\/13243998_1755891057965929_8413402370969955051_o-300x169.jpg 300w, http:\/\/www.ikbalozelegitim.com\/wp-content\/uploads\/2016\/05\/13243998_1755891057965929_8413402370969955051_o-1024x576.jpg 1024w\" sizes=\"(max-width: 1280px) 100vw, 1280px\" \/><\/a><a href=\"http:\/\/www.ikbalozelegitim.com\/wp-content\/uploads\/2016\/05\/13221402_1755891101299258_8622571426139248327_o.jpg\"><img loading=\"lazy\" class=\"aligncenter size-full wp-image-580\" src=\"http:\/\/www.ikbalozelegitim.com\/wp-content\/uploads\/2016\/05\/13221402_1755891101299258_8622571426139248327_o.jpg\" alt=\"13221402_1755891101299258_8622571426139248327_o\" width=\"720\" height=\"1280\" data-id=\"580\" srcset=\"http:\/\/www.ikbalozelegitim.com\/wp-content\/uploads\/2016\/05\/13221402_1755891101299258_8622571426139248327_o.jpg 720w, http:\/\/www.ikbalozelegitim.com\/wp-content\/uploads\/2016\/05\/13221402_1755891101299258_8622571426139248327_o-169x300.jpg 169w, http:\/\/www.ikbalozelegitim.com\/wp-content\/uploads\/2016\/05\/13221402_1755891101299258_8622571426139248327_o-576x1024.jpg 576w\" sizes=\"(max-width: 720px) 100vw, 720px\" \/><\/a><\/p>\n","protected":false},"excerpt":{"rendered":"","protected":false},"author":1,"featured_media":0,"parent":0,"menu_order":0,"comment_status":"open","ping_status":"open","template":"","meta":[],"_links":{"self":[{"href":"http:\/\/www.ikbalozelegitim.com\/index.php\/wp-json\/wp\/v2\/pages\/578"}],"collection":[{"href":"http:\/\/www.ikbalozelegitim.com\/index.php\/wp-json\/wp\/v2\/pages"}],"about":[{"href":"http:\/\/www.ikbalozelegitim.com\/index.php\/wp-json\/wp\/v2\/types\/page"}],"author":[{"embeddable":true,"href":"http:\/\/www.ikbalozelegitim.com\/index.php\/wp-json\/wp\/v2\/users\/1"}],"replies":[{"embeddable":true,"href":"http:\/\/www.ikbalozelegitim.com\/index.php\/wp-json\/wp\/v2\/comments?post=578"}],"version-history":[{"count":1,"href":"http:\/\/www.ikbalozelegitim.com\/index.php\/wp-json\/wp\/v2\/pages\/578\/revisions"}],"predecessor-version":[{"id":585,"href":"http:\/\/www.ikbalozelegitim.com\/index.php\/wp-json\/wp\/v2\/pages\/578\/revisions\/585"}],"wp:attachment":[{"href":"http:\/\/www.ikbalozelegitim.com\/index.php\/wp-json\/wp\/v2\/media?parent=578"}],"curies":[{"name":"wp","href":"https:\/\/api.w.org\/{rel}","templated":true}]}}