{"id":611,"date":"2016-06-07T08:47:23","date_gmt":"2016-06-07T05:47:23","guid":{"rendered":"http:\/\/www.ikbalozelegitim.com\/?page_id=611"},"modified":"2016-06-07T08:47:23","modified_gmt":"2016-06-07T05:47:23","slug":"engelleri-renklerle-asalim-etkinligimiz","status":"publish","type":"page","link":"http:\/\/www.ikbalozelegitim.com\/index.php\/engelleri-renklerle-asalim-etkinligimiz\/","title":{"rendered":"Engelleri Renklerle A\u015fal\u0131m Etkinli\u011fimiz"},"content":{"rendered":"<p><a href=\"http:\/\/www.ikbalozelegitim.com\/wp-content\/uploads\/2016\/06\/13320643_1761214794100222_721902044967306355_o.jpg\"><img loading=\"lazy\" class=\"aligncenter size-full wp-image-625\" src=\"http:\/\/www.ikbalozelegitim.com\/wp-content\/uploads\/2016\/06\/13320643_1761214794100222_721902044967306355_o.jpg\" alt=\"13320643_1761214794100222_721902044967306355_o\" width=\"2048\" height=\"1536\" data-id=\"625\" srcset=\"http:\/\/www.ikbalozelegitim.com\/wp-content\/uploads\/2016\/06\/13320643_1761214794100222_721902044967306355_o.jpg 2048w, http:\/\/www.ikbalozelegitim.com\/wp-content\/uploads\/2016\/06\/13320643_1761214794100222_721902044967306355_o-300x225.jpg 300w, http:\/\/www.ikbalozelegitim.com\/wp-content\/uploads\/2016\/06\/13320643_1761214794100222_721902044967306355_o-1024x768.jpg 1024w\" sizes=\"(max-width: 2048px) 100vw, 2048px\" \/><\/a> <a href=\"http:\/\/www.ikbalozelegitim.com\/wp-content\/uploads\/2016\/06\/13308747_1761216007433434_353702250074441443_o.jpg\"><img loading=\"lazy\" class=\"aligncenter size-full wp-image-623\" src=\"http:\/\/www.ikbalozelegitim.com\/wp-content\/uploads\/2016\/06\/13308747_1761216007433434_353702250074441443_o.jpg\" alt=\"13308747_1761216007433434_353702250074441443_o\" width=\"2048\" height=\"1536\" data-id=\"623\" srcset=\"http:\/\/www.ikbalozelegitim.com\/wp-content\/uploads\/2016\/06\/13308747_1761216007433434_353702250074441443_o.jpg 2048w, http:\/\/www.ikbalozelegitim.com\/wp-content\/uploads\/2016\/06\/13308747_1761216007433434_353702250074441443_o-300x225.jpg 300w, http:\/\/www.ikbalozelegitim.com\/wp-content\/uploads\/2016\/06\/13308747_1761216007433434_353702250074441443_o-1024x768.jpg 1024w\" sizes=\"(max-width: 2048px) 100vw, 2048px\" \/><\/a><a href=\"http:\/\/www.ikbalozelegitim.com\/wp-content\/uploads\/2016\/06\/13316993_1761215554100146_7382787009022037284_o.jpg\"><img loading=\"lazy\" class=\"aligncenter size-full wp-image-624\" src=\"http:\/\/www.ikbalozelegitim.com\/wp-content\/uploads\/2016\/06\/13316993_1761215554100146_7382787009022037284_o.jpg\" alt=\"13316993_1761215554100146_7382787009022037284_o\" width=\"2048\" height=\"1536\" data-id=\"624\" srcset=\"http:\/\/www.ikbalozelegitim.com\/wp-content\/uploads\/2016\/06\/13316993_1761215554100146_7382787009022037284_o.jpg 2048w, http:\/\/www.ikbalozelegitim.com\/wp-content\/uploads\/2016\/06\/13316993_1761215554100146_7382787009022037284_o-300x225.jpg 300w, http:\/\/www.ikbalozelegitim.com\/wp-content\/uploads\/2016\/06\/13316993_1761215554100146_7382787009022037284_o-1024x768.jpg 1024w\" sizes=\"(max-width: 2048px) 100vw, 2048px\" \/><\/a> <a href=\"http:\/\/www.ikbalozelegitim.com\/wp-content\/uploads\/2016\/06\/13415430_1762788800609488_8278642159983285796_o.jpg\"><img loading=\"lazy\" class=\"aligncenter size-full wp-image-622\" src=\"http:\/\/www.ikbalozelegitim.com\/wp-content\/uploads\/2016\/06\/13415430_1762788800609488_8278642159983285796_o.jpg\" alt=\"13415430_1762788800609488_8278642159983285796_o\" width=\"1280\" height=\"720\" data-id=\"622\" srcset=\"http:\/\/www.ikbalozelegitim.com\/wp-content\/uploads\/2016\/06\/13415430_1762788800609488_8278642159983285796_o.jpg 1280w, http:\/\/www.ikbalozelegitim.com\/wp-content\/uploads\/2016\/06\/13415430_1762788800609488_8278642159983285796_o-300x169.jpg 300w, http:\/\/www.ikbalozelegitim.com\/wp-content\/uploads\/2016\/06\/13415430_1762788800609488_8278642159983285796_o-1024x576.jpg 1024w\" sizes=\"(max-width: 1280px) 100vw, 1280px\" \/><\/a> <a href=\"http:\/\/www.ikbalozelegitim.com\/wp-content\/uploads\/2016\/06\/13412091_1762788920609476_2263129519826552872_o.jpg\"><img loading=\"lazy\" class=\"aligncenter size-full wp-image-621\" src=\"http:\/\/www.ikbalozelegitim.com\/wp-content\/uploads\/2016\/06\/13412091_1762788920609476_2263129519826552872_o.jpg\" alt=\"13412091_1762788920609476_2263129519826552872_o\" width=\"1280\" height=\"720\" data-id=\"621\" srcset=\"http:\/\/www.ikbalozelegitim.com\/wp-content\/uploads\/2016\/06\/13412091_1762788920609476_2263129519826552872_o.jpg 1280w, http:\/\/www.ikbalozelegitim.com\/wp-content\/uploads\/2016\/06\/13412091_1762788920609476_2263129519826552872_o-300x169.jpg 300w, http:\/\/www.ikbalozelegitim.com\/wp-content\/uploads\/2016\/06\/13412091_1762788920609476_2263129519826552872_o-1024x576.jpg 1024w\" sizes=\"(max-width: 1280px) 100vw, 1280px\" \/><\/a><a href=\"http:\/\/www.ikbalozelegitim.com\/wp-content\/uploads\/2016\/06\/13411839_1762788543942847_7374689377446466563_o.jpg\"><img loading=\"lazy\" class=\"aligncenter size-full wp-image-620\" src=\"http:\/\/www.ikbalozelegitim.com\/wp-content\/uploads\/2016\/06\/13411839_1762788543942847_7374689377446466563_o.jpg\" alt=\"13411839_1762788543942847_7374689377446466563_o\" width=\"1280\" height=\"960\" data-id=\"620\" srcset=\"http:\/\/www.ikbalozelegitim.com\/wp-content\/uploads\/2016\/06\/13411839_1762788543942847_7374689377446466563_o.jpg 1280w, http:\/\/www.ikbalozelegitim.com\/wp-content\/uploads\/2016\/06\/13411839_1762788543942847_7374689377446466563_o-300x225.jpg 300w, http:\/\/www.ikbalozelegitim.com\/wp-content\/uploads\/2016\/06\/13411839_1762788543942847_7374689377446466563_o-1024x768.jpg 1024w\" sizes=\"(max-width: 1280px) 100vw, 1280px\" \/><\/a> <a href=\"http:\/\/www.ikbalozelegitim.com\/wp-content\/uploads\/2016\/06\/13403141_1762788653942836_5746462810077816681_o.jpg\"><img loading=\"lazy\" class=\"aligncenter size-full wp-image-619\" src=\"http:\/\/www.ikbalozelegitim.com\/wp-content\/uploads\/2016\/06\/13403141_1762788653942836_5746462810077816681_o.jpg\" alt=\"13403141_1762788653942836_5746462810077816681_o\" width=\"585\" height=\"1040\" data-id=\"619\" srcset=\"http:\/\/www.ikbalozelegitim.com\/wp-content\/uploads\/2016\/06\/13403141_1762788653942836_5746462810077816681_o.jpg 585w, http:\/\/www.ikbalozelegitim.com\/wp-content\/uploads\/2016\/06\/13403141_1762788653942836_5746462810077816681_o-169x300.jpg 169w, http:\/\/www.ikbalozelegitim.com\/wp-content\/uploads\/2016\/06\/13403141_1762788653942836_5746462810077816681_o-576x1024.jpg 576w\" sizes=\"(max-width: 585px) 100vw, 585px\" \/><\/a> <a href=\"http:\/\/www.ikbalozelegitim.com\/wp-content\/uploads\/2016\/06\/13392218_1762787667276268_7503996324073364001_o.jpg\"><img loading=\"lazy\" class=\"aligncenter size-full wp-image-618\" src=\"http:\/\/www.ikbalozelegitim.com\/wp-content\/uploads\/2016\/06\/13392218_1762787667276268_7503996324073364001_o.jpg\" alt=\"13392218_1762787667276268_7503996324073364001_o\" width=\"2048\" height=\"1152\" data-id=\"618\" srcset=\"http:\/\/www.ikbalozelegitim.com\/wp-content\/uploads\/2016\/06\/13392218_1762787667276268_7503996324073364001_o.jpg 2048w, http:\/\/www.ikbalozelegitim.com\/wp-content\/uploads\/2016\/06\/13392218_1762787667276268_7503996324073364001_o-300x169.jpg 300w, http:\/\/www.ikbalozelegitim.com\/wp-content\/uploads\/2016\/06\/13392218_1762787667276268_7503996324073364001_o-1024x576.jpg 1024w\" sizes=\"(max-width: 2048px) 100vw, 2048px\" \/><\/a> <a href=\"http:\/\/www.ikbalozelegitim.com\/wp-content\/uploads\/2016\/06\/13350378_1762788740609494_245473860166396333_o.jpg\"><img loading=\"lazy\" class=\"aligncenter size-full wp-image-617\" src=\"http:\/\/www.ikbalozelegitim.com\/wp-content\/uploads\/2016\/06\/13350378_1762788740609494_245473860166396333_o.jpg\" alt=\"13350378_1762788740609494_245473860166396333_o\" width=\"1280\" height=\"720\" data-id=\"617\" srcset=\"http:\/\/www.ikbalozelegitim.com\/wp-content\/uploads\/2016\/06\/13350378_1762788740609494_245473860166396333_o.jpg 1280w, http:\/\/www.ikbalozelegitim.com\/wp-content\/uploads\/2016\/06\/13350378_1762788740609494_245473860166396333_o-300x169.jpg 300w, http:\/\/www.ikbalozelegitim.com\/wp-content\/uploads\/2016\/06\/13350378_1762788740609494_245473860166396333_o-1024x576.jpg 1024w\" sizes=\"(max-width: 1280px) 100vw, 1280px\" \/><\/a> <a href=\"http:\/\/www.ikbalozelegitim.com\/wp-content\/uploads\/2016\/06\/13350341_1762787620609606_6663940575313637682_o.jpg\"><img loading=\"lazy\" class=\"aligncenter size-full wp-image-616\" src=\"http:\/\/www.ikbalozelegitim.com\/wp-content\/uploads\/2016\/06\/13350341_1762787620609606_6663940575313637682_o.jpg\" alt=\"13350341_1762787620609606_6663940575313637682_o\" width=\"2048\" height=\"1152\" data-id=\"616\" srcset=\"http:\/\/www.ikbalozelegitim.com\/wp-content\/uploads\/2016\/06\/13350341_1762787620609606_6663940575313637682_o.jpg 2048w, http:\/\/www.ikbalozelegitim.com\/wp-content\/uploads\/2016\/06\/13350341_1762787620609606_6663940575313637682_o-300x169.jpg 300w, http:\/\/www.ikbalozelegitim.com\/wp-content\/uploads\/2016\/06\/13350341_1762787620609606_6663940575313637682_o-1024x576.jpg 1024w\" sizes=\"(max-width: 2048px) 100vw, 2048px\" \/><\/a><a href=\"http:\/\/www.ikbalozelegitim.com\/wp-content\/uploads\/2016\/06\/13350325_1762788010609567_7410184701696440809_o.jpg\"><img loading=\"lazy\" class=\"aligncenter size-full wp-image-615\" src=\"http:\/\/www.ikbalozelegitim.com\/wp-content\/uploads\/2016\/06\/13350325_1762788010609567_7410184701696440809_o.jpg\" alt=\"13350325_1762788010609567_7410184701696440809_o\" width=\"2048\" height=\"1536\" data-id=\"615\" srcset=\"http:\/\/www.ikbalozelegitim.com\/wp-content\/uploads\/2016\/06\/13350325_1762788010609567_7410184701696440809_o.jpg 2048w, http:\/\/www.ikbalozelegitim.com\/wp-content\/uploads\/2016\/06\/13350325_1762788010609567_7410184701696440809_o-300x225.jpg 300w, http:\/\/www.ikbalozelegitim.com\/wp-content\/uploads\/2016\/06\/13350325_1762788010609567_7410184701696440809_o-1024x768.jpg 1024w\" sizes=\"(max-width: 2048px) 100vw, 2048px\" \/><\/a> <a href=\"http:\/\/www.ikbalozelegitim.com\/wp-content\/uploads\/2016\/06\/13350257_1762788483942853_1237368313363062070_o.jpg\"><img loading=\"lazy\" class=\"aligncenter size-full wp-image-614\" src=\"http:\/\/www.ikbalozelegitim.com\/wp-content\/uploads\/2016\/06\/13350257_1762788483942853_1237368313363062070_o.jpg\" alt=\"13350257_1762788483942853_1237368313363062070_o\" width=\"1536\" height=\"2048\" data-id=\"614\" srcset=\"http:\/\/www.ikbalozelegitim.com\/wp-content\/uploads\/2016\/06\/13350257_1762788483942853_1237368313363062070_o.jpg 1536w, http:\/\/www.ikbalozelegitim.com\/wp-content\/uploads\/2016\/06\/13350257_1762788483942853_1237368313363062070_o-225x300.jpg 225w, http:\/\/www.ikbalozelegitim.com\/wp-content\/uploads\/2016\/06\/13350257_1762788483942853_1237368313363062070_o-768x1024.jpg 768w\" sizes=\"(max-width: 1536px) 100vw, 1536px\" \/><\/a> <a href=\"http:\/\/www.ikbalozelegitim.com\/wp-content\/uploads\/2016\/06\/13346228_1762788430609525_6258022541208841176_o.jpg\"><img loading=\"lazy\" class=\"aligncenter size-full wp-image-613\" src=\"http:\/\/www.ikbalozelegitim.com\/wp-content\/uploads\/2016\/06\/13346228_1762788430609525_6258022541208841176_o.jpg\" alt=\"13346228_1762788430609525_6258022541208841176_o\" width=\"2048\" height=\"1536\" data-id=\"613\" srcset=\"http:\/\/www.ikbalozelegitim.com\/wp-content\/uploads\/2016\/06\/13346228_1762788430609525_6258022541208841176_o.jpg 2048w, http:\/\/www.ikbalozelegitim.com\/wp-content\/uploads\/2016\/06\/13346228_1762788430609525_6258022541208841176_o-300x225.jpg 300w, http:\/\/www.ikbalozelegitim.com\/wp-content\/uploads\/2016\/06\/13346228_1762788430609525_6258022541208841176_o-1024x768.jpg 1024w\" sizes=\"(max-width: 2048px) 100vw, 2048px\" \/><\/a> <a href=\"http:\/\/www.ikbalozelegitim.com\/wp-content\/uploads\/2016\/06\/13340207_1762788693942832_767839096588972952_o.jpg\"><img loading=\"lazy\" class=\"aligncenter size-full wp-image-612\" src=\"http:\/\/www.ikbalozelegitim.com\/wp-content\/uploads\/2016\/06\/13340207_1762788693942832_767839096588972952_o.jpg\" alt=\"13340207_1762788693942832_767839096588972952_o\" width=\"1280\" height=\"720\" data-id=\"612\" srcset=\"http:\/\/www.ikbalozelegitim.com\/wp-content\/uploads\/2016\/06\/13340207_1762788693942832_767839096588972952_o.jpg 1280w, http:\/\/www.ikbalozelegitim.com\/wp-content\/uploads\/2016\/06\/13340207_1762788693942832_767839096588972952_o-300x169.jpg 300w, http:\/\/www.ikbalozelegitim.com\/wp-content\/uploads\/2016\/06\/13340207_1762788693942832_767839096588972952_o-1024x576.jpg 1024w\" sizes=\"(max-width: 1280px) 100vw, 1280px\" \/><\/a><a href=\"http:\/\/www.ikbalozelegitim.com\/wp-content\/uploads\/2016\/06\/13322145_1761211920767176_5784996451145567124_n.jpg\"><img loading=\"lazy\" class=\"aligncenter size-full wp-image-626\" src=\"http:\/\/www.ikbalozelegitim.com\/wp-content\/uploads\/2016\/06\/13322145_1761211920767176_5784996451145567124_n.jpg\" alt=\"13322145_1761211920767176_5784996451145567124_n\" width=\"960\" height=\"540\" data-id=\"626\" srcset=\"http:\/\/www.ikbalozelegitim.com\/wp-content\/uploads\/2016\/06\/13322145_1761211920767176_5784996451145567124_n.jpg 960w, http:\/\/www.ikbalozelegitim.com\/wp-content\/uploads\/2016\/06\/13322145_1761211920767176_5784996451145567124_n-300x169.jpg 300w\" sizes=\"(max-width: 960px) 100vw, 960px\" \/><\/a> <a href=\"http:\/\/www.ikbalozelegitim.com\/wp-content\/uploads\/2016\/06\/13331049_1761211874100514_4840884836620293787_n.jpg\"><img loading=\"lazy\" class=\"aligncenter size-full wp-image-627\" src=\"http:\/\/www.ikbalozelegitim.com\/wp-content\/uploads\/2016\/06\/13331049_1761211874100514_4840884836620293787_n.jpg\" alt=\"13331049_1761211874100514_4840884836620293787_n\" width=\"960\" height=\"540\" data-id=\"627\" srcset=\"http:\/\/www.ikbalozelegitim.com\/wp-content\/uploads\/2016\/06\/13331049_1761211874100514_4840884836620293787_n.jpg 960w, http:\/\/www.ikbalozelegitim.com\/wp-content\/uploads\/2016\/06\/13331049_1761211874100514_4840884836620293787_n-300x169.jpg 300w\" sizes=\"(max-width: 960px) 100vw, 960px\" \/><\/a><\/p>\n","protected":false},"excerpt":{"rendered":"","protected":false},"author":1,"featured_media":0,"parent":0,"menu_order":0,"comment_status":"open","ping_status":"open","template":"","meta":[],"_links":{"self":[{"href":"http:\/\/www.ikbalozelegitim.com\/index.php\/wp-json\/wp\/v2\/pages\/611"}],"collection":[{"href":"http:\/\/www.ikbalozelegitim.com\/index.php\/wp-json\/wp\/v2\/pages"}],"about":[{"href":"http:\/\/www.ikbalozelegitim.com\/index.php\/wp-json\/wp\/v2\/types\/page"}],"author":[{"embeddable":true,"href":"http:\/\/www.ikbalozelegitim.com\/index.php\/wp-json\/wp\/v2\/users\/1"}],"replies":[{"embeddable":true,"href":"http:\/\/www.ikbalozelegitim.com\/index.php\/wp-json\/wp\/v2\/comments?post=611"}],"version-history":[{"count":1,"href":"http:\/\/www.ikbalozelegitim.com\/index.php\/wp-json\/wp\/v2\/pages\/611\/revisions"}],"predecessor-version":[{"id":628,"href":"http:\/\/www.ikbalozelegitim.com\/index.php\/wp-json\/wp\/v2\/pages\/611\/revisions\/628"}],"wp:attachment":[{"href":"http:\/\/www.ikbalozelegitim.com\/index.php\/wp-json\/wp\/v2\/media?parent=611"}],"curies":[{"name":"wp","href":"https:\/\/api.w.org\/{rel}","templated":true}]}}