{"id":8,"date":"2015-05-06T16:03:28","date_gmt":"2015-05-06T13:03:28","guid":{"rendered":"http:\/\/www.ikbalozelegitim.com\/?page_id=8"},"modified":"2015-07-10T14:21:41","modified_gmt":"2015-07-10T11:21:41","slug":"hizmetler","status":"publish","type":"page","link":"http:\/\/www.ikbalozelegitim.com\/index.php\/hizmetler\/","title":{"rendered":"Hizmetler"},"content":{"rendered":"<p><a href=\"http:\/\/www.ikbalozelegitim.com\/wp-content\/uploads\/2015\/05\/19.jpg\"><img loading=\"lazy\" class=\"aligncenter size-full wp-image-126\" src=\"http:\/\/www.ikbalozelegitim.com\/wp-content\/uploads\/2015\/05\/19.jpg\" alt=\"19\" width=\"800\" height=\"450\" data-id=\"126\" srcset=\"http:\/\/www.ikbalozelegitim.com\/wp-content\/uploads\/2015\/05\/19.jpg 800w, http:\/\/www.ikbalozelegitim.com\/wp-content\/uploads\/2015\/05\/19-300x169.jpg 300w\" sizes=\"(max-width: 800px) 100vw, 800px\" \/><\/a><\/p>\n<ul>\n<li>Zihinsel \u00d6zel Bireylere Destek E\u011fitim Hizmeti(Okuma-yazma g\u00fc\u00e7l\u00fc\u011f\u00fc,Down Sendromu,Geli\u015fim Gerili\u011fi,Mental Reterdasyon vb.zihinsel yetersizlik t\u00fcrleri<\/li>\n<li>Bedensel \u00d6zel Bireylere Destek E\u011fitim Hizmeti<\/li>\n<li>Hiperaktivite ve davran\u0131\u015f problemleri<\/li>\n<li>Aile E\u011fitimi(Aile \u00c7OCUK \u0130LET\u0130\u015e\u0130M\u0130,E\u015fler aras\u0131nda ileti\u015fim)<\/li>\n<li>Dil Konu\u015fma Bozukluklar\u0131(Gecikmi\u015f konu\u015fma,artik\u00fclasyon problemleri,kekemelik<\/li>\n<\/ul>\n<p>gibi alanlarda kurumumuz \u00f6\u011frenci ve velilere hizmet vermektedir.<\/p>\n","protected":false},"excerpt":{"rendered":"<p>Zihinsel \u00d6zel Bireylere Destek E\u011fitim Hizmeti(Okuma-yazma g\u00fc\u00e7l\u00fc\u011f\u00fc,Down Sendromu,Geli\u015fim Gerili\u011fi,Mental Reterdasyon vb.zihinsel yetersizlik t\u00fcrleri Bedensel \u00d6zel Bireylere Destek E\u011fitim Hizmeti Hiperaktivite ve davran\u0131\u015f problemleri Aile E\u011fitimi(Aile \u00c7OCUK \u0130LET\u0130\u015e\u0130M\u0130,E\u015fler aras\u0131nda ileti\u015fim) Dil Konu\u015fma Bozukluklar\u0131(Gecikmi\u015f konu\u015fma,artik\u00fclasyon problemleri,kekemelik gibi alanlarda kurumumuz \u00f6\u011frenci ve velilere hizmet vermektedir.<\/p>\n","protected":false},"author":1,"featured_media":0,"parent":0,"menu_order":0,"comment_status":"open","ping_status":"open","template":"","meta":[],"_links":{"self":[{"href":"http:\/\/www.ikbalozelegitim.com\/index.php\/wp-json\/wp\/v2\/pages\/8"}],"collection":[{"href":"http:\/\/www.ikbalozelegitim.com\/index.php\/wp-json\/wp\/v2\/pages"}],"about":[{"href":"http:\/\/www.ikbalozelegitim.com\/index.php\/wp-json\/wp\/v2\/types\/page"}],"author":[{"embeddable":true,"href":"http:\/\/www.ikbalozelegitim.com\/index.php\/wp-json\/wp\/v2\/users\/1"}],"replies":[{"embeddable":true,"href":"http:\/\/www.ikbalozelegitim.com\/index.php\/wp-json\/wp\/v2\/comments?post=8"}],"version-history":[{"count":5,"href":"http:\/\/www.ikbalozelegitim.com\/index.php\/wp-json\/wp\/v2\/pages\/8\/revisions"}],"predecessor-version":[{"id":349,"href":"http:\/\/www.ikbalozelegitim.com\/index.php\/wp-json\/wp\/v2\/pages\/8\/revisions\/349"}],"wp:attachment":[{"href":"http:\/\/www.ikbalozelegitim.com\/index.php\/wp-json\/wp\/v2\/media?parent=8"}],"curies":[{"name":"wp","href":"https:\/\/api.w.org\/{rel}","templated":true}]}}