{"id":808,"date":"2016-12-25T15:43:58","date_gmt":"2016-12-25T13:43:58","guid":{"rendered":"http:\/\/www.ikbalozelegitim.com\/?page_id=808"},"modified":"2016-12-25T15:49:51","modified_gmt":"2016-12-25T13:49:51","slug":"3-aralik-dunya-engelliler-gunu","status":"publish","type":"page","link":"http:\/\/www.ikbalozelegitim.com\/index.php\/3-aralik-dunya-engelliler-gunu\/","title":{"rendered":"3 ARALIK D\u00dcNYA ENGELL\u0130LER G\u00dcN\u00dc"},"content":{"rendered":"<p><a href=\"http:\/\/www.ikbalozelegitim.com\/wp-content\/uploads\/2016\/12\/15403672_1839873499567684_3808832439035281617_o.jpg\"><img loading=\"lazy\" class=\"aligncenter size-full wp-image-854\" src=\"http:\/\/www.ikbalozelegitim.com\/wp-content\/uploads\/2016\/12\/15403672_1839873499567684_3808832439035281617_o.jpg\" alt=\"15403672_1839873499567684_3808832439035281617_o\" width=\"1280\" height=\"720\" data-id=\"854\" srcset=\"http:\/\/www.ikbalozelegitim.com\/wp-content\/uploads\/2016\/12\/15403672_1839873499567684_3808832439035281617_o.jpg 1280w, http:\/\/www.ikbalozelegitim.com\/wp-content\/uploads\/2016\/12\/15403672_1839873499567684_3808832439035281617_o-300x169.jpg 300w, http:\/\/www.ikbalozelegitim.com\/wp-content\/uploads\/2016\/12\/15403672_1839873499567684_3808832439035281617_o-1024x576.jpg 1024w\" sizes=\"(max-width: 1280px) 100vw, 1280px\" \/><\/a><a href=\"http:\/\/www.ikbalozelegitim.com\/wp-content\/uploads\/2016\/12\/15391348_1839874299567604_8881341675297553829_o.jpg\"><img loading=\"lazy\" class=\"aligncenter size-full wp-image-852\" src=\"http:\/\/www.ikbalozelegitim.com\/wp-content\/uploads\/2016\/12\/15391348_1839874299567604_8881341675297553829_o.jpg\" alt=\"15391348_1839874299567604_8881341675297553829_o\" width=\"1280\" height=\"720\" data-id=\"852\" srcset=\"http:\/\/www.ikbalozelegitim.com\/wp-content\/uploads\/2016\/12\/15391348_1839874299567604_8881341675297553829_o.jpg 1280w, http:\/\/www.ikbalozelegitim.com\/wp-content\/uploads\/2016\/12\/15391348_1839874299567604_8881341675297553829_o-300x169.jpg 300w, http:\/\/www.ikbalozelegitim.com\/wp-content\/uploads\/2016\/12\/15391348_1839874299567604_8881341675297553829_o-1024x576.jpg 1024w\" sizes=\"(max-width: 1280px) 100vw, 1280px\" \/><\/a><a href=\"http:\/\/www.ikbalozelegitim.com\/wp-content\/uploads\/2016\/12\/15384571_1839873796234321_739864379451762001_o.jpg\"><img loading=\"lazy\" class=\"aligncenter size-full wp-image-846\" src=\"http:\/\/www.ikbalozelegitim.com\/wp-content\/uploads\/2016\/12\/15384571_1839873796234321_739864379451762001_o.jpg\" alt=\"15384571_1839873796234321_739864379451762001_o\" width=\"1032\" height=\"581\" data-id=\"846\" srcset=\"http:\/\/www.ikbalozelegitim.com\/wp-content\/uploads\/2016\/12\/15384571_1839873796234321_739864379451762001_o.jpg 1032w, http:\/\/www.ikbalozelegitim.com\/wp-content\/uploads\/2016\/12\/15384571_1839873796234321_739864379451762001_o-300x169.jpg 300w, http:\/\/www.ikbalozelegitim.com\/wp-content\/uploads\/2016\/12\/15384571_1839873796234321_739864379451762001_o-1024x576.jpg 1024w\" sizes=\"(max-width: 1032px) 100vw, 1032px\" \/><\/a><a href=\"http:\/\/www.ikbalozelegitim.com\/wp-content\/uploads\/2016\/12\/15385296_1839874266234274_8699493104335082741_o.jpg\"><img loading=\"lazy\" class=\"aligncenter size-full wp-image-847\" src=\"http:\/\/www.ikbalozelegitim.com\/wp-content\/uploads\/2016\/12\/15385296_1839874266234274_8699493104335082741_o.jpg\" alt=\"15385296_1839874266234274_8699493104335082741_o\" width=\"720\" height=\"1280\" data-id=\"847\" srcset=\"http:\/\/www.ikbalozelegitim.com\/wp-content\/uploads\/2016\/12\/15385296_1839874266234274_8699493104335082741_o.jpg 720w, http:\/\/www.ikbalozelegitim.com\/wp-content\/uploads\/2016\/12\/15385296_1839874266234274_8699493104335082741_o-169x300.jpg 169w, http:\/\/www.ikbalozelegitim.com\/wp-content\/uploads\/2016\/12\/15385296_1839874266234274_8699493104335082741_o-576x1024.jpg 576w\" sizes=\"(max-width: 720px) 100vw, 720px\" \/><\/a><a href=\"http:\/\/www.ikbalozelegitim.com\/wp-content\/uploads\/2016\/12\/15350721_1840223199532714_6959598830296156824_n.jpg\"><img loading=\"lazy\" class=\"aligncenter size-full wp-image-840\" src=\"http:\/\/www.ikbalozelegitim.com\/wp-content\/uploads\/2016\/12\/15350721_1840223199532714_6959598830296156824_n.jpg\" alt=\"15350721_1840223199532714_6959598830296156824_n\" width=\"960\" height=\"640\" data-id=\"840\" srcset=\"http:\/\/www.ikbalozelegitim.com\/wp-content\/uploads\/2016\/12\/15350721_1840223199532714_6959598830296156824_n.jpg 960w, http:\/\/www.ikbalozelegitim.com\/wp-content\/uploads\/2016\/12\/15350721_1840223199532714_6959598830296156824_n-300x200.jpg 300w\" sizes=\"(max-width: 960px) 100vw, 960px\" \/><\/a><a href=\"http:\/\/www.ikbalozelegitim.com\/wp-content\/uploads\/2016\/12\/15326044_1839874562900911_5727526384815652493_o.jpg\"><img loading=\"lazy\" class=\"aligncenter size-full wp-image-835\" src=\"http:\/\/www.ikbalozelegitim.com\/wp-content\/uploads\/2016\/12\/15326044_1839874562900911_5727526384815652493_o.jpg\" alt=\"15326044_1839874562900911_5727526384815652493_o\" width=\"1032\" height=\"774\" data-id=\"835\" srcset=\"http:\/\/www.ikbalozelegitim.com\/wp-content\/uploads\/2016\/12\/15326044_1839874562900911_5727526384815652493_o.jpg 1032w, http:\/\/www.ikbalozelegitim.com\/wp-content\/uploads\/2016\/12\/15326044_1839874562900911_5727526384815652493_o-300x225.jpg 300w, http:\/\/www.ikbalozelegitim.com\/wp-content\/uploads\/2016\/12\/15326044_1839874562900911_5727526384815652493_o-1024x768.jpg 1024w\" sizes=\"(max-width: 1032px) 100vw, 1032px\" \/><\/a><a href=\"http:\/\/www.ikbalozelegitim.com\/wp-content\/uploads\/2016\/12\/15325403_1839873636234337_4161019355548609681_o.jpg\"><img loading=\"lazy\" class=\"aligncenter size-full wp-image-834\" src=\"http:\/\/www.ikbalozelegitim.com\/wp-content\/uploads\/2016\/12\/15325403_1839873636234337_4161019355548609681_o.jpg\" alt=\"15325403_1839873636234337_4161019355548609681_o\" width=\"1032\" height=\"581\" data-id=\"834\" srcset=\"http:\/\/www.ikbalozelegitim.com\/wp-content\/uploads\/2016\/12\/15325403_1839873636234337_4161019355548609681_o.jpg 1032w, http:\/\/www.ikbalozelegitim.com\/wp-content\/uploads\/2016\/12\/15325403_1839873636234337_4161019355548609681_o-300x169.jpg 300w, http:\/\/www.ikbalozelegitim.com\/wp-content\/uploads\/2016\/12\/15325403_1839873636234337_4161019355548609681_o-1024x576.jpg 1024w\" sizes=\"(max-width: 1032px) 100vw, 1032px\" \/><\/a><a href=\"http:\/\/www.ikbalozelegitim.com\/wp-content\/uploads\/2016\/12\/15272350_1836755029879531_3443381491451857708_o.jpg\"><img loading=\"lazy\" class=\"aligncenter size-full wp-image-814\" src=\"http:\/\/www.ikbalozelegitim.com\/wp-content\/uploads\/2016\/12\/15272350_1836755029879531_3443381491451857708_o.jpg\" alt=\"15272350_1836755029879531_3443381491451857708_o\" width=\"1280\" height=\"720\" data-id=\"814\" srcset=\"http:\/\/www.ikbalozelegitim.com\/wp-content\/uploads\/2016\/12\/15272350_1836755029879531_3443381491451857708_o.jpg 1280w, http:\/\/www.ikbalozelegitim.com\/wp-content\/uploads\/2016\/12\/15272350_1836755029879531_3443381491451857708_o-300x169.jpg 300w, http:\/\/www.ikbalozelegitim.com\/wp-content\/uploads\/2016\/12\/15272350_1836755029879531_3443381491451857708_o-1024x576.jpg 1024w\" sizes=\"(max-width: 1280px) 100vw, 1280px\" \/><\/a><a href=\"http:\/\/www.ikbalozelegitim.com\/wp-content\/uploads\/2016\/12\/15272062_1836755666546134_3783666346262069938_o.jpg\"><img loading=\"lazy\" class=\"aligncenter size-full wp-image-813\" src=\"http:\/\/www.ikbalozelegitim.com\/wp-content\/uploads\/2016\/12\/15272062_1836755666546134_3783666346262069938_o.jpg\" alt=\"15272062_1836755666546134_3783666346262069938_o\" width=\"1280\" height=\"720\" data-id=\"813\" srcset=\"http:\/\/www.ikbalozelegitim.com\/wp-content\/uploads\/2016\/12\/15272062_1836755666546134_3783666346262069938_o.jpg 1280w, http:\/\/www.ikbalozelegitim.com\/wp-content\/uploads\/2016\/12\/15272062_1836755666546134_3783666346262069938_o-300x169.jpg 300w, http:\/\/www.ikbalozelegitim.com\/wp-content\/uploads\/2016\/12\/15272062_1836755666546134_3783666346262069938_o-1024x576.jpg 1024w\" sizes=\"(max-width: 1280px) 100vw, 1280px\" \/><\/a><a href=\"http:\/\/www.ikbalozelegitim.com\/wp-content\/uploads\/2016\/12\/15271985_1836755099879524_1634393463840801333_o.jpg\"><img loading=\"lazy\" class=\"aligncenter size-full wp-image-812\" src=\"http:\/\/www.ikbalozelegitim.com\/wp-content\/uploads\/2016\/12\/15271985_1836755099879524_1634393463840801333_o.jpg\" alt=\"15271985_1836755099879524_1634393463840801333_o\" width=\"1280\" height=\"720\" data-id=\"812\" srcset=\"http:\/\/www.ikbalozelegitim.com\/wp-content\/uploads\/2016\/12\/15271985_1836755099879524_1634393463840801333_o.jpg 1280w, http:\/\/www.ikbalozelegitim.com\/wp-content\/uploads\/2016\/12\/15271985_1836755099879524_1634393463840801333_o-300x169.jpg 300w, http:\/\/www.ikbalozelegitim.com\/wp-content\/uploads\/2016\/12\/15271985_1836755099879524_1634393463840801333_o-1024x576.jpg 1024w\" sizes=\"(max-width: 1280px) 100vw, 1280px\" \/><\/a><a href=\"http:\/\/www.ikbalozelegitim.com\/wp-content\/uploads\/2016\/12\/15271808_1836755386546162_6688887460975718173_o.jpg\"><img loading=\"lazy\" class=\"aligncenter size-full wp-image-811\" src=\"http:\/\/www.ikbalozelegitim.com\/wp-content\/uploads\/2016\/12\/15271808_1836755386546162_6688887460975718173_o.jpg\" alt=\"15271808_1836755386546162_6688887460975718173_o\" width=\"720\" height=\"1280\" data-id=\"811\" srcset=\"http:\/\/www.ikbalozelegitim.com\/wp-content\/uploads\/2016\/12\/15271808_1836755386546162_6688887460975718173_o.jpg 720w, http:\/\/www.ikbalozelegitim.com\/wp-content\/uploads\/2016\/12\/15271808_1836755386546162_6688887460975718173_o-169x300.jpg 169w, http:\/\/www.ikbalozelegitim.com\/wp-content\/uploads\/2016\/12\/15271808_1836755386546162_6688887460975718173_o-576x1024.jpg 576w\" sizes=\"(max-width: 720px) 100vw, 720px\" \/><\/a><a href=\"http:\/\/www.ikbalozelegitim.com\/wp-content\/uploads\/2016\/12\/15259340_1836755446546156_8246388422027081282_o.jpg\"><img loading=\"lazy\" class=\"aligncenter size-full wp-image-810\" src=\"http:\/\/www.ikbalozelegitim.com\/wp-content\/uploads\/2016\/12\/15259340_1836755446546156_8246388422027081282_o.jpg\" alt=\"15259340_1836755446546156_8246388422027081282_o\" width=\"1280\" height=\"720\" data-id=\"810\" srcset=\"http:\/\/www.ikbalozelegitim.com\/wp-content\/uploads\/2016\/12\/15259340_1836755446546156_8246388422027081282_o.jpg 1280w, http:\/\/www.ikbalozelegitim.com\/wp-content\/uploads\/2016\/12\/15259340_1836755446546156_8246388422027081282_o-300x169.jpg 300w, http:\/\/www.ikbalozelegitim.com\/wp-content\/uploads\/2016\/12\/15259340_1836755446546156_8246388422027081282_o-1024x576.jpg 1024w\" sizes=\"(max-width: 1280px) 100vw, 1280px\" \/><\/a><a href=\"http:\/\/www.ikbalozelegitim.com\/wp-content\/uploads\/2016\/12\/15252711_1836755589879475_7167264261887422317_o.jpg\"><img loading=\"lazy\" class=\"aligncenter size-full wp-image-809\" src=\"http:\/\/www.ikbalozelegitim.com\/wp-content\/uploads\/2016\/12\/15252711_1836755589879475_7167264261887422317_o.jpg\" alt=\"15252711_1836755589879475_7167264261887422317_o\" width=\"1280\" height=\"720\" data-id=\"809\" srcset=\"http:\/\/www.ikbalozelegitim.com\/wp-content\/uploads\/2016\/12\/15252711_1836755589879475_7167264261887422317_o.jpg 1280w, http:\/\/www.ikbalozelegitim.com\/wp-content\/uploads\/2016\/12\/15252711_1836755589879475_7167264261887422317_o-300x169.jpg 300w, http:\/\/www.ikbalozelegitim.com\/wp-content\/uploads\/2016\/12\/15252711_1836755589879475_7167264261887422317_o-1024x576.jpg 1024w\" sizes=\"(max-width: 1280px) 100vw, 1280px\" \/><\/a><\/p>\n","protected":false},"excerpt":{"rendered":"","protected":false},"author":1,"featured_media":0,"parent":0,"menu_order":0,"comment_status":"open","ping_status":"open","template":"","meta":[],"_links":{"self":[{"href":"http:\/\/www.ikbalozelegitim.com\/index.php\/wp-json\/wp\/v2\/pages\/808"}],"collection":[{"href":"http:\/\/www.ikbalozelegitim.com\/index.php\/wp-json\/wp\/v2\/pages"}],"about":[{"href":"http:\/\/www.ikbalozelegitim.com\/index.php\/wp-json\/wp\/v2\/types\/page"}],"author":[{"embeddable":true,"href":"http:\/\/www.ikbalozelegitim.com\/index.php\/wp-json\/wp\/v2\/users\/1"}],"replies":[{"embeddable":true,"href":"http:\/\/www.ikbalozelegitim.com\/index.php\/wp-json\/wp\/v2\/comments?post=808"}],"version-history":[{"count":3,"href":"http:\/\/www.ikbalozelegitim.com\/index.php\/wp-json\/wp\/v2\/pages\/808\/revisions"}],"predecessor-version":[{"id":877,"href":"http:\/\/www.ikbalozelegitim.com\/index.php\/wp-json\/wp\/v2\/pages\/808\/revisions\/877"}],"wp:attachment":[{"href":"http:\/\/www.ikbalozelegitim.com\/index.php\/wp-json\/wp\/v2\/media?parent=808"}],"curies":[{"name":"wp","href":"https:\/\/api.w.org\/{rel}","templated":true}]}}