{"id":81,"date":"2015-05-22T15:26:38","date_gmt":"2015-05-22T12:26:38","guid":{"rendered":"http:\/\/www.ikbalozelegitim.com\/?page_id=81"},"modified":"2015-05-22T15:26:38","modified_gmt":"2015-05-22T12:26:38","slug":"aile-danismanligi","status":"publish","type":"page","link":"http:\/\/www.ikbalozelegitim.com\/index.php\/psikolojik-danisma\/aile-danismanligi\/","title":{"rendered":"Aile Dan\u0131\u015fmanl\u0131\u011f\u0131"},"content":{"rendered":"<p>Yap\u0131m a\u015famas\u0131ndad\u0131r.<\/p>\n","protected":false},"excerpt":{"rendered":"<p>Yap\u0131m a\u015famas\u0131ndad\u0131r.<\/p>\n","protected":false},"author":1,"featured_media":0,"parent":12,"menu_order":0,"comment_status":"open","ping_status":"open","template":"","meta":[],"_links":{"self":[{"href":"http:\/\/www.ikbalozelegitim.com\/index.php\/wp-json\/wp\/v2\/pages\/81"}],"collection":[{"href":"http:\/\/www.ikbalozelegitim.com\/index.php\/wp-json\/wp\/v2\/pages"}],"about":[{"href":"http:\/\/www.ikbalozelegitim.com\/index.php\/wp-json\/wp\/v2\/types\/page"}],"author":[{"embeddable":true,"href":"http:\/\/www.ikbalozelegitim.com\/index.php\/wp-json\/wp\/v2\/users\/1"}],"replies":[{"embeddable":true,"href":"http:\/\/www.ikbalozelegitim.com\/index.php\/wp-json\/wp\/v2\/comments?post=81"}],"version-history":[{"count":1,"href":"http:\/\/www.ikbalozelegitim.com\/index.php\/wp-json\/wp\/v2\/pages\/81\/revisions"}],"predecessor-version":[{"id":82,"href":"http:\/\/www.ikbalozelegitim.com\/index.php\/wp-json\/wp\/v2\/pages\/81\/revisions\/82"}],"up":[{"embeddable":true,"href":"http:\/\/www.ikbalozelegitim.com\/index.php\/wp-json\/wp\/v2\/pages\/12"}],"wp:attachment":[{"href":"http:\/\/www.ikbalozelegitim.com\/index.php\/wp-json\/wp\/v2\/media?parent=81"}],"curies":[{"name":"wp","href":"https:\/\/api.w.org\/{rel}","templated":true}]}}