{"id":874,"date":"2016-12-25T15:47:53","date_gmt":"2016-12-25T13:47:53","guid":{"rendered":"http:\/\/www.ikbalozelegitim.com\/?page_id=874"},"modified":"2016-12-25T15:47:53","modified_gmt":"2016-12-25T13:47:53","slug":"ziyaretimize-gelenler","status":"publish","type":"page","link":"http:\/\/www.ikbalozelegitim.com\/index.php\/ziyaretimize-gelenler\/","title":{"rendered":"Z\u0130YARET\u0130M\u0130ZE GELENLER"},"content":{"rendered":"<p><a href=\"http:\/\/www.ikbalozelegitim.com\/wp-content\/uploads\/2016\/12\/15740830_1846222078932826_3845593077817969269_n.jpg\"><img loading=\"lazy\" class=\"aligncenter size-full wp-image-872\" src=\"http:\/\/www.ikbalozelegitim.com\/wp-content\/uploads\/2016\/12\/15740830_1846222078932826_3845593077817969269_n.jpg\" alt=\"15740830_1846222078932826_3845593077817969269_n\" width=\"540\" height=\"960\" data-id=\"872\" srcset=\"http:\/\/www.ikbalozelegitim.com\/wp-content\/uploads\/2016\/12\/15740830_1846222078932826_3845593077817969269_n.jpg 540w, http:\/\/www.ikbalozelegitim.com\/wp-content\/uploads\/2016\/12\/15740830_1846222078932826_3845593077817969269_n-169x300.jpg 169w\" sizes=\"(max-width: 540px) 100vw, 540px\" \/><\/a><a href=\"http:\/\/www.ikbalozelegitim.com\/wp-content\/uploads\/2016\/12\/15326204_1838743786347322_2702482602341655662_o.jpg\"><img loading=\"lazy\" class=\"aligncenter size-full wp-image-838\" src=\"http:\/\/www.ikbalozelegitim.com\/wp-content\/uploads\/2016\/12\/15326204_1838743786347322_2702482602341655662_o.jpg\" alt=\"15326204_1838743786347322_2702482602341655662_o\" width=\"960\" height=\"1280\" data-id=\"838\" srcset=\"http:\/\/www.ikbalozelegitim.com\/wp-content\/uploads\/2016\/12\/15326204_1838743786347322_2702482602341655662_o.jpg 960w, http:\/\/www.ikbalozelegitim.com\/wp-content\/uploads\/2016\/12\/15326204_1838743786347322_2702482602341655662_o-225x300.jpg 225w, http:\/\/www.ikbalozelegitim.com\/wp-content\/uploads\/2016\/12\/15326204_1838743786347322_2702482602341655662_o-768x1024.jpg 768w\" sizes=\"(max-width: 960px) 100vw, 960px\" \/><\/a><a href=\"http:\/\/www.ikbalozelegitim.com\/wp-content\/uploads\/2016\/12\/15369091_1838744689680565_8075778632842903074_o.jpg\"><img loading=\"lazy\" class=\"aligncenter size-full wp-image-841\" src=\"http:\/\/www.ikbalozelegitim.com\/wp-content\/uploads\/2016\/12\/15369091_1838744689680565_8075778632842903074_o.jpg\" alt=\"15369091_1838744689680565_8075778632842903074_o\" width=\"2048\" height=\"1536\" data-id=\"841\" srcset=\"http:\/\/www.ikbalozelegitim.com\/wp-content\/uploads\/2016\/12\/15369091_1838744689680565_8075778632842903074_o.jpg 2048w, http:\/\/www.ikbalozelegitim.com\/wp-content\/uploads\/2016\/12\/15369091_1838744689680565_8075778632842903074_o-300x225.jpg 300w, http:\/\/www.ikbalozelegitim.com\/wp-content\/uploads\/2016\/12\/15369091_1838744689680565_8075778632842903074_o-1024x768.jpg 1024w\" sizes=\"(max-width: 2048px) 100vw, 2048px\" \/><\/a><a href=\"http:\/\/www.ikbalozelegitim.com\/wp-content\/uploads\/2016\/12\/15727013_1846222175599483_5134687834751295326_n.jpg\"><img loading=\"lazy\" class=\"aligncenter size-full wp-image-871\" src=\"http:\/\/www.ikbalozelegitim.com\/wp-content\/uploads\/2016\/12\/15727013_1846222175599483_5134687834751295326_n.jpg\" alt=\"15727013_1846222175599483_5134687834751295326_n\" width=\"960\" height=\"540\" data-id=\"871\" srcset=\"http:\/\/www.ikbalozelegitim.com\/wp-content\/uploads\/2016\/12\/15727013_1846222175599483_5134687834751295326_n.jpg 960w, http:\/\/www.ikbalozelegitim.com\/wp-content\/uploads\/2016\/12\/15727013_1846222175599483_5134687834751295326_n-300x169.jpg 300w\" sizes=\"(max-width: 960px) 100vw, 960px\" \/><\/a><a href=\"http:\/\/www.ikbalozelegitim.com\/wp-content\/uploads\/2016\/12\/15726254_1846222372266130_3155073699517465700_n.jpg\"><img loading=\"lazy\" class=\"aligncenter size-full wp-image-870\" src=\"http:\/\/www.ikbalozelegitim.com\/wp-content\/uploads\/2016\/12\/15726254_1846222372266130_3155073699517465700_n.jpg\" alt=\"15726254_1846222372266130_3155073699517465700_n\" width=\"960\" height=\"540\" data-id=\"870\" srcset=\"http:\/\/www.ikbalozelegitim.com\/wp-content\/uploads\/2016\/12\/15726254_1846222372266130_3155073699517465700_n.jpg 960w, http:\/\/www.ikbalozelegitim.com\/wp-content\/uploads\/2016\/12\/15726254_1846222372266130_3155073699517465700_n-300x169.jpg 300w\" sizes=\"(max-width: 960px) 100vw, 960px\" \/><\/a><a href=\"http:\/\/www.ikbalozelegitim.com\/wp-content\/uploads\/2016\/12\/15672837_1846222015599499_6229694685868201493_n.jpg\"><img loading=\"lazy\" class=\"aligncenter size-full wp-image-868\" src=\"http:\/\/www.ikbalozelegitim.com\/wp-content\/uploads\/2016\/12\/15672837_1846222015599499_6229694685868201493_n.jpg\" alt=\"15672837_1846222015599499_6229694685868201493_n\" width=\"960\" height=\"540\" data-id=\"868\" srcset=\"http:\/\/www.ikbalozelegitim.com\/wp-content\/uploads\/2016\/12\/15672837_1846222015599499_6229694685868201493_n.jpg 960w, http:\/\/www.ikbalozelegitim.com\/wp-content\/uploads\/2016\/12\/15672837_1846222015599499_6229694685868201493_n-300x169.jpg 300w\" sizes=\"(max-width: 960px) 100vw, 960px\" \/><\/a><a href=\"http:\/\/www.ikbalozelegitim.com\/wp-content\/uploads\/2016\/12\/15585384_1842708469284187_5249471762824059714_o.jpg\"><img loading=\"lazy\" class=\"aligncenter size-full wp-image-867\" src=\"http:\/\/www.ikbalozelegitim.com\/wp-content\/uploads\/2016\/12\/15585384_1842708469284187_5249471762824059714_o.jpg\" alt=\"15585384_1842708469284187_5249471762824059714_o\" width=\"581\" height=\"1032\" data-id=\"867\" srcset=\"http:\/\/www.ikbalozelegitim.com\/wp-content\/uploads\/2016\/12\/15585384_1842708469284187_5249471762824059714_o.jpg 581w, http:\/\/www.ikbalozelegitim.com\/wp-content\/uploads\/2016\/12\/15585384_1842708469284187_5249471762824059714_o-169x300.jpg 169w, http:\/\/www.ikbalozelegitim.com\/wp-content\/uploads\/2016\/12\/15585384_1842708469284187_5249471762824059714_o-576x1024.jpg 576w\" sizes=\"(max-width: 581px) 100vw, 581px\" \/><\/a><a href=\"http:\/\/www.ikbalozelegitim.com\/wp-content\/uploads\/2016\/12\/15585057_1842707892617578_7394776904740618584_o.jpg\"><img loading=\"lazy\" class=\"aligncenter size-full wp-image-866\" src=\"http:\/\/www.ikbalozelegitim.com\/wp-content\/uploads\/2016\/12\/15585057_1842707892617578_7394776904740618584_o.jpg\" alt=\"15585057_1842707892617578_7394776904740618584_o\" width=\"1032\" height=\"581\" data-id=\"866\" srcset=\"http:\/\/www.ikbalozelegitim.com\/wp-content\/uploads\/2016\/12\/15585057_1842707892617578_7394776904740618584_o.jpg 1032w, http:\/\/www.ikbalozelegitim.com\/wp-content\/uploads\/2016\/12\/15585057_1842707892617578_7394776904740618584_o-300x169.jpg 300w, http:\/\/www.ikbalozelegitim.com\/wp-content\/uploads\/2016\/12\/15585057_1842707892617578_7394776904740618584_o-1024x576.jpg 1024w\" sizes=\"(max-width: 1032px) 100vw, 1032px\" \/><\/a><a href=\"http:\/\/www.ikbalozelegitim.com\/wp-content\/uploads\/2016\/12\/15540652_1842708432617524_9170990632584002023_o.jpg\"><img loading=\"lazy\" class=\"aligncenter size-full wp-image-865\" src=\"http:\/\/www.ikbalozelegitim.com\/wp-content\/uploads\/2016\/12\/15540652_1842708432617524_9170990632584002023_o.jpg\" alt=\"15540652_1842708432617524_9170990632584002023_o\" width=\"1032\" height=\"581\" data-id=\"865\" srcset=\"http:\/\/www.ikbalozelegitim.com\/wp-content\/uploads\/2016\/12\/15540652_1842708432617524_9170990632584002023_o.jpg 1032w, http:\/\/www.ikbalozelegitim.com\/wp-content\/uploads\/2016\/12\/15540652_1842708432617524_9170990632584002023_o-300x169.jpg 300w, http:\/\/www.ikbalozelegitim.com\/wp-content\/uploads\/2016\/12\/15540652_1842708432617524_9170990632584002023_o-1024x576.jpg 1024w\" sizes=\"(max-width: 1032px) 100vw, 1032px\" \/><\/a><a href=\"http:\/\/www.ikbalozelegitim.com\/wp-content\/uploads\/2016\/12\/15493794_1842708005950900_5501250517452704033_o.jpg\"><img loading=\"lazy\" class=\"aligncenter size-full wp-image-864\" src=\"http:\/\/www.ikbalozelegitim.com\/wp-content\/uploads\/2016\/12\/15493794_1842708005950900_5501250517452704033_o.jpg\" alt=\"15493794_1842708005950900_5501250517452704033_o\" width=\"1032\" height=\"581\" data-id=\"864\" srcset=\"http:\/\/www.ikbalozelegitim.com\/wp-content\/uploads\/2016\/12\/15493794_1842708005950900_5501250517452704033_o.jpg 1032w, http:\/\/www.ikbalozelegitim.com\/wp-content\/uploads\/2016\/12\/15493794_1842708005950900_5501250517452704033_o-300x169.jpg 300w, http:\/\/www.ikbalozelegitim.com\/wp-content\/uploads\/2016\/12\/15493794_1842708005950900_5501250517452704033_o-1024x576.jpg 1024w\" sizes=\"(max-width: 1032px) 100vw, 1032px\" \/><\/a><\/p>\n","protected":false},"excerpt":{"rendered":"","protected":false},"author":1,"featured_media":0,"parent":0,"menu_order":0,"comment_status":"open","ping_status":"open","template":"","meta":[],"_links":{"self":[{"href":"http:\/\/www.ikbalozelegitim.com\/index.php\/wp-json\/wp\/v2\/pages\/874"}],"collection":[{"href":"http:\/\/www.ikbalozelegitim.com\/index.php\/wp-json\/wp\/v2\/pages"}],"about":[{"href":"http:\/\/www.ikbalozelegitim.com\/index.php\/wp-json\/wp\/v2\/types\/page"}],"author":[{"embeddable":true,"href":"http:\/\/www.ikbalozelegitim.com\/index.php\/wp-json\/wp\/v2\/users\/1"}],"replies":[{"embeddable":true,"href":"http:\/\/www.ikbalozelegitim.com\/index.php\/wp-json\/wp\/v2\/comments?post=874"}],"version-history":[{"count":1,"href":"http:\/\/www.ikbalozelegitim.com\/index.php\/wp-json\/wp\/v2\/pages\/874\/revisions"}],"predecessor-version":[{"id":875,"href":"http:\/\/www.ikbalozelegitim.com\/index.php\/wp-json\/wp\/v2\/pages\/874\/revisions\/875"}],"wp:attachment":[{"href":"http:\/\/www.ikbalozelegitim.com\/index.php\/wp-json\/wp\/v2\/media?parent=874"}],"curies":[{"name":"wp","href":"https:\/\/api.w.org\/{rel}","templated":true}]}}