{"id":878,"date":"2016-12-25T15:53:45","date_gmt":"2016-12-25T13:53:45","guid":{"rendered":"http:\/\/www.ikbalozelegitim.com\/?page_id=878"},"modified":"2016-12-25T15:54:17","modified_gmt":"2016-12-25T13:54:17","slug":"kas-dusler-akademisi","status":"publish","type":"page","link":"http:\/\/www.ikbalozelegitim.com\/index.php\/kas-dusler-akademisi\/","title":{"rendered":"KA\u015e D\u00dc\u015eLER AKADEM\u0130S\u0130"},"content":{"rendered":"<p><a href=\"http:\/\/www.ikbalozelegitim.com\/wp-content\/uploads\/2016\/12\/14753419_1817386061816428_1198305181171675199_o.jpg\"><img loading=\"lazy\" class=\"aligncenter size-full wp-image-828\" src=\"http:\/\/www.ikbalozelegitim.com\/wp-content\/uploads\/2016\/12\/14753419_1817386061816428_1198305181171675199_o.jpg\" alt=\"14753419_1817386061816428_1198305181171675199_o\" width=\"2048\" height=\"1360\" data-id=\"828\" srcset=\"http:\/\/www.ikbalozelegitim.com\/wp-content\/uploads\/2016\/12\/14753419_1817386061816428_1198305181171675199_o.jpg 2048w, http:\/\/www.ikbalozelegitim.com\/wp-content\/uploads\/2016\/12\/14753419_1817386061816428_1198305181171675199_o-300x199.jpg 300w, http:\/\/www.ikbalozelegitim.com\/wp-content\/uploads\/2016\/12\/14753419_1817386061816428_1198305181171675199_o-1024x680.jpg 1024w\" sizes=\"(max-width: 2048px) 100vw, 2048px\" \/><\/a><a href=\"http:\/\/www.ikbalozelegitim.com\/wp-content\/uploads\/2016\/12\/14715669_1817388268482874_526585330389128962_o.jpg\"><img loading=\"lazy\" class=\"aligncenter size-full wp-image-827\" src=\"http:\/\/www.ikbalozelegitim.com\/wp-content\/uploads\/2016\/12\/14715669_1817388268482874_526585330389128962_o.jpg\" alt=\"14715669_1817388268482874_526585330389128962_o\" width=\"1536\" height=\"2048\" data-id=\"827\" srcset=\"http:\/\/www.ikbalozelegitim.com\/wp-content\/uploads\/2016\/12\/14715669_1817388268482874_526585330389128962_o.jpg 1536w, http:\/\/www.ikbalozelegitim.com\/wp-content\/uploads\/2016\/12\/14715669_1817388268482874_526585330389128962_o-225x300.jpg 225w, http:\/\/www.ikbalozelegitim.com\/wp-content\/uploads\/2016\/12\/14715669_1817388268482874_526585330389128962_o-768x1024.jpg 768w\" sizes=\"(max-width: 1536px) 100vw, 1536px\" \/><\/a><a href=\"http:\/\/www.ikbalozelegitim.com\/wp-content\/uploads\/2016\/12\/14713075_1817395975148770_3240935205822598036_o.jpg\"><img loading=\"lazy\" class=\"aligncenter size-full wp-image-826\" src=\"http:\/\/www.ikbalozelegitim.com\/wp-content\/uploads\/2016\/12\/14713075_1817395975148770_3240935205822598036_o.jpg\" alt=\"14713075_1817395975148770_3240935205822598036_o\" width=\"2048\" height=\"1152\" data-id=\"826\" srcset=\"http:\/\/www.ikbalozelegitim.com\/wp-content\/uploads\/2016\/12\/14713075_1817395975148770_3240935205822598036_o.jpg 2048w, http:\/\/www.ikbalozelegitim.com\/wp-content\/uploads\/2016\/12\/14713075_1817395975148770_3240935205822598036_o-300x169.jpg 300w, http:\/\/www.ikbalozelegitim.com\/wp-content\/uploads\/2016\/12\/14713075_1817395975148770_3240935205822598036_o-1024x576.jpg 1024w\" sizes=\"(max-width: 2048px) 100vw, 2048px\" \/><\/a><a href=\"http:\/\/www.ikbalozelegitim.com\/wp-content\/uploads\/2016\/12\/14712913_1817390381815996_5974828933743362432_o.jpg\"><img loading=\"lazy\" class=\"aligncenter size-full wp-image-825\" src=\"http:\/\/www.ikbalozelegitim.com\/wp-content\/uploads\/2016\/12\/14712913_1817390381815996_5974828933743362432_o.jpg\" alt=\"14712913_1817390381815996_5974828933743362432_o\" width=\"1280\" height=\"720\" data-id=\"825\" srcset=\"http:\/\/www.ikbalozelegitim.com\/wp-content\/uploads\/2016\/12\/14712913_1817390381815996_5974828933743362432_o.jpg 1280w, http:\/\/www.ikbalozelegitim.com\/wp-content\/uploads\/2016\/12\/14712913_1817390381815996_5974828933743362432_o-300x169.jpg 300w, http:\/\/www.ikbalozelegitim.com\/wp-content\/uploads\/2016\/12\/14712913_1817390381815996_5974828933743362432_o-1024x576.jpg 1024w\" sizes=\"(max-width: 1280px) 100vw, 1280px\" \/><\/a><a href=\"http:\/\/www.ikbalozelegitim.com\/wp-content\/uploads\/2016\/12\/14712913_1817385451816489_3630714231199713903_o.jpg\"><img loading=\"lazy\" class=\"aligncenter size-full wp-image-824\" src=\"http:\/\/www.ikbalozelegitim.com\/wp-content\/uploads\/2016\/12\/14712913_1817385451816489_3630714231199713903_o.jpg\" alt=\"14712913_1817385451816489_3630714231199713903_o\" width=\"2048\" height=\"1360\" data-id=\"824\" srcset=\"http:\/\/www.ikbalozelegitim.com\/wp-content\/uploads\/2016\/12\/14712913_1817385451816489_3630714231199713903_o.jpg 2048w, http:\/\/www.ikbalozelegitim.com\/wp-content\/uploads\/2016\/12\/14712913_1817385451816489_3630714231199713903_o-300x199.jpg 300w, http:\/\/www.ikbalozelegitim.com\/wp-content\/uploads\/2016\/12\/14712913_1817385451816489_3630714231199713903_o-1024x680.jpg 1024w\" sizes=\"(max-width: 2048px) 100vw, 2048px\" \/><\/a><a href=\"http:\/\/www.ikbalozelegitim.com\/wp-content\/uploads\/2016\/12\/14712805_1817389271816107_8382525018811240142_o.jpg\"><img loading=\"lazy\" class=\"aligncenter size-full wp-image-823\" src=\"http:\/\/www.ikbalozelegitim.com\/wp-content\/uploads\/2016\/12\/14712805_1817389271816107_8382525018811240142_o.jpg\" alt=\"14712805_1817389271816107_8382525018811240142_o\" width=\"2048\" height=\"1536\" data-id=\"823\" srcset=\"http:\/\/www.ikbalozelegitim.com\/wp-content\/uploads\/2016\/12\/14712805_1817389271816107_8382525018811240142_o.jpg 2048w, http:\/\/www.ikbalozelegitim.com\/wp-content\/uploads\/2016\/12\/14712805_1817389271816107_8382525018811240142_o-300x225.jpg 300w, http:\/\/www.ikbalozelegitim.com\/wp-content\/uploads\/2016\/12\/14712805_1817389271816107_8382525018811240142_o-1024x768.jpg 1024w\" sizes=\"(max-width: 2048px) 100vw, 2048px\" \/><\/a><a href=\"http:\/\/www.ikbalozelegitim.com\/wp-content\/uploads\/2016\/12\/14712583_1817385531816481_6245579124765355631_o.jpg\"><img loading=\"lazy\" class=\"aligncenter size-full wp-image-822\" src=\"http:\/\/www.ikbalozelegitim.com\/wp-content\/uploads\/2016\/12\/14712583_1817385531816481_6245579124765355631_o.jpg\" alt=\"14712583_1817385531816481_6245579124765355631_o\" width=\"2048\" height=\"1360\" data-id=\"822\" srcset=\"http:\/\/www.ikbalozelegitim.com\/wp-content\/uploads\/2016\/12\/14712583_1817385531816481_6245579124765355631_o.jpg 2048w, http:\/\/www.ikbalozelegitim.com\/wp-content\/uploads\/2016\/12\/14712583_1817385531816481_6245579124765355631_o-300x199.jpg 300w, http:\/\/www.ikbalozelegitim.com\/wp-content\/uploads\/2016\/12\/14712583_1817385531816481_6245579124765355631_o-1024x680.jpg 1024w\" sizes=\"(max-width: 2048px) 100vw, 2048px\" \/><\/a><a href=\"http:\/\/www.ikbalozelegitim.com\/wp-content\/uploads\/2016\/12\/14711443_1817385641816470_6819106767740180940_o.jpg\"><img loading=\"lazy\" class=\"aligncenter size-full wp-image-821\" src=\"http:\/\/www.ikbalozelegitim.com\/wp-content\/uploads\/2016\/12\/14711443_1817385641816470_6819106767740180940_o.jpg\" alt=\"14711443_1817385641816470_6819106767740180940_o\" width=\"2048\" height=\"1360\" data-id=\"821\" srcset=\"http:\/\/www.ikbalozelegitim.com\/wp-content\/uploads\/2016\/12\/14711443_1817385641816470_6819106767740180940_o.jpg 2048w, http:\/\/www.ikbalozelegitim.com\/wp-content\/uploads\/2016\/12\/14711443_1817385641816470_6819106767740180940_o-300x199.jpg 300w, http:\/\/www.ikbalozelegitim.com\/wp-content\/uploads\/2016\/12\/14711443_1817385641816470_6819106767740180940_o-1024x680.jpg 1024w\" sizes=\"(max-width: 2048px) 100vw, 2048px\" \/><\/a><a href=\"http:\/\/www.ikbalozelegitim.com\/wp-content\/uploads\/2016\/12\/14711422_1817395351815499_6656743932161921325_o.jpg\"><img loading=\"lazy\" class=\"aligncenter size-full wp-image-820\" src=\"http:\/\/www.ikbalozelegitim.com\/wp-content\/uploads\/2016\/12\/14711422_1817395351815499_6656743932161921325_o.jpg\" alt=\"14711422_1817395351815499_6656743932161921325_o\" width=\"2048\" height=\"1152\" data-id=\"820\" srcset=\"http:\/\/www.ikbalozelegitim.com\/wp-content\/uploads\/2016\/12\/14711422_1817395351815499_6656743932161921325_o.jpg 2048w, http:\/\/www.ikbalozelegitim.com\/wp-content\/uploads\/2016\/12\/14711422_1817395351815499_6656743932161921325_o-300x169.jpg 300w, http:\/\/www.ikbalozelegitim.com\/wp-content\/uploads\/2016\/12\/14711422_1817395351815499_6656743932161921325_o-1024x576.jpg 1024w\" sizes=\"(max-width: 2048px) 100vw, 2048px\" \/><\/a><a href=\"http:\/\/www.ikbalozelegitim.com\/wp-content\/uploads\/2016\/12\/14711198_1817385051816529_6194300227880351057_o.jpg\"><img loading=\"lazy\" class=\"aligncenter size-full wp-image-819\" src=\"http:\/\/www.ikbalozelegitim.com\/wp-content\/uploads\/2016\/12\/14711198_1817385051816529_6194300227880351057_o.jpg\" alt=\"14711198_1817385051816529_6194300227880351057_o\" width=\"2048\" height=\"1365\" data-id=\"819\" srcset=\"http:\/\/www.ikbalozelegitim.com\/wp-content\/uploads\/2016\/12\/14711198_1817385051816529_6194300227880351057_o.jpg 2048w, http:\/\/www.ikbalozelegitim.com\/wp-content\/uploads\/2016\/12\/14711198_1817385051816529_6194300227880351057_o-300x200.jpg 300w, http:\/\/www.ikbalozelegitim.com\/wp-content\/uploads\/2016\/12\/14711198_1817385051816529_6194300227880351057_o-1024x683.jpg 1024w\" sizes=\"(max-width: 2048px) 100vw, 2048px\" \/><\/a><a href=\"http:\/\/www.ikbalozelegitim.com\/wp-content\/uploads\/2016\/12\/14711198_1817385051816529_6194300227880351057_o.jpg\"><img loading=\"lazy\" class=\"aligncenter size-full wp-image-819\" src=\"http:\/\/www.ikbalozelegitim.com\/wp-content\/uploads\/2016\/12\/14711198_1817385051816529_6194300227880351057_o.jpg\" alt=\"14711198_1817385051816529_6194300227880351057_o\" width=\"2048\" height=\"1365\" data-id=\"819\" srcset=\"http:\/\/www.ikbalozelegitim.com\/wp-content\/uploads\/2016\/12\/14711198_1817385051816529_6194300227880351057_o.jpg 2048w, http:\/\/www.ikbalozelegitim.com\/wp-content\/uploads\/2016\/12\/14711198_1817385051816529_6194300227880351057_o-300x200.jpg 300w, http:\/\/www.ikbalozelegitim.com\/wp-content\/uploads\/2016\/12\/14711198_1817385051816529_6194300227880351057_o-1024x683.jpg 1024w\" sizes=\"(max-width: 2048px) 100vw, 2048px\" \/><\/a><a href=\"http:\/\/www.ikbalozelegitim.com\/wp-content\/uploads\/2016\/12\/14700955_1817388565149511_8822567403087488747_o.jpg\"><img loading=\"lazy\" class=\"aligncenter size-full wp-image-818\" src=\"http:\/\/www.ikbalozelegitim.com\/wp-content\/uploads\/2016\/12\/14700955_1817388565149511_8822567403087488747_o.jpg\" alt=\"14700955_1817388565149511_8822567403087488747_o\" width=\"2048\" height=\"1536\" data-id=\"818\" srcset=\"http:\/\/www.ikbalozelegitim.com\/wp-content\/uploads\/2016\/12\/14700955_1817388565149511_8822567403087488747_o.jpg 2048w, http:\/\/www.ikbalozelegitim.com\/wp-content\/uploads\/2016\/12\/14700955_1817388565149511_8822567403087488747_o-300x225.jpg 300w, http:\/\/www.ikbalozelegitim.com\/wp-content\/uploads\/2016\/12\/14700955_1817388565149511_8822567403087488747_o-1024x768.jpg 1024w\" sizes=\"(max-width: 2048px) 100vw, 2048px\" \/><\/a><a href=\"http:\/\/www.ikbalozelegitim.com\/wp-content\/uploads\/2016\/12\/14681111_1817385955149772_7158692958809844227_o.jpg\"><img loading=\"lazy\" class=\"aligncenter size-full wp-image-817\" src=\"http:\/\/www.ikbalozelegitim.com\/wp-content\/uploads\/2016\/12\/14681111_1817385955149772_7158692958809844227_o.jpg\" alt=\"14681111_1817385955149772_7158692958809844227_o\" width=\"2048\" height=\"1360\" data-id=\"817\" srcset=\"http:\/\/www.ikbalozelegitim.com\/wp-content\/uploads\/2016\/12\/14681111_1817385955149772_7158692958809844227_o.jpg 2048w, http:\/\/www.ikbalozelegitim.com\/wp-content\/uploads\/2016\/12\/14681111_1817385955149772_7158692958809844227_o-300x199.jpg 300w, http:\/\/www.ikbalozelegitim.com\/wp-content\/uploads\/2016\/12\/14681111_1817385955149772_7158692958809844227_o-1024x680.jpg 1024w\" sizes=\"(max-width: 2048px) 100vw, 2048px\" \/><\/a><a href=\"http:\/\/www.ikbalozelegitim.com\/wp-content\/uploads\/2016\/12\/14608932_1817387931816241_2999607811177768940_o.jpg\"><img loading=\"lazy\" class=\"aligncenter size-full wp-image-816\" src=\"http:\/\/www.ikbalozelegitim.com\/wp-content\/uploads\/2016\/12\/14608932_1817387931816241_2999607811177768940_o.jpg\" alt=\"14608932_1817387931816241_2999607811177768940_o\" width=\"1536\" height=\"2048\" data-id=\"816\" srcset=\"http:\/\/www.ikbalozelegitim.com\/wp-content\/uploads\/2016\/12\/14608932_1817387931816241_2999607811177768940_o.jpg 1536w, http:\/\/www.ikbalozelegitim.com\/wp-content\/uploads\/2016\/12\/14608932_1817387931816241_2999607811177768940_o-225x300.jpg 225w, http:\/\/www.ikbalozelegitim.com\/wp-content\/uploads\/2016\/12\/14608932_1817387931816241_2999607811177768940_o-768x1024.jpg 768w\" sizes=\"(max-width: 1536px) 100vw, 1536px\" \/><\/a><a href=\"http:\/\/www.ikbalozelegitim.com\/wp-content\/uploads\/2016\/12\/14570554_1817397748481926_4905032976417148709_o.jpg\"><img loading=\"lazy\" class=\"aligncenter size-full wp-image-815\" src=\"http:\/\/www.ikbalozelegitim.com\/wp-content\/uploads\/2016\/12\/14570554_1817397748481926_4905032976417148709_o.jpg\" alt=\"14570554_1817397748481926_4905032976417148709_o\" width=\"2048\" height=\"1152\" data-id=\"815\" srcset=\"http:\/\/www.ikbalozelegitim.com\/wp-content\/uploads\/2016\/12\/14570554_1817397748481926_4905032976417148709_o.jpg 2048w, http:\/\/www.ikbalozelegitim.com\/wp-content\/uploads\/2016\/12\/14570554_1817397748481926_4905032976417148709_o-300x169.jpg 300w, http:\/\/www.ikbalozelegitim.com\/wp-content\/uploads\/2016\/12\/14570554_1817397748481926_4905032976417148709_o-1024x576.jpg 1024w\" sizes=\"(max-width: 2048px) 100vw, 2048px\" \/><\/a><\/p>\n","protected":false},"excerpt":{"rendered":"","protected":false},"author":1,"featured_media":0,"parent":0,"menu_order":0,"comment_status":"open","ping_status":"open","template":"","meta":[],"_links":{"self":[{"href":"http:\/\/www.ikbalozelegitim.com\/index.php\/wp-json\/wp\/v2\/pages\/878"}],"collection":[{"href":"http:\/\/www.ikbalozelegitim.com\/index.php\/wp-json\/wp\/v2\/pages"}],"about":[{"href":"http:\/\/www.ikbalozelegitim.com\/index.php\/wp-json\/wp\/v2\/types\/page"}],"author":[{"embeddable":true,"href":"http:\/\/www.ikbalozelegitim.com\/index.php\/wp-json\/wp\/v2\/users\/1"}],"replies":[{"embeddable":true,"href":"http:\/\/www.ikbalozelegitim.com\/index.php\/wp-json\/wp\/v2\/comments?post=878"}],"version-history":[{"count":1,"href":"http:\/\/www.ikbalozelegitim.com\/index.php\/wp-json\/wp\/v2\/pages\/878\/revisions"}],"predecessor-version":[{"id":879,"href":"http:\/\/www.ikbalozelegitim.com\/index.php\/wp-json\/wp\/v2\/pages\/878\/revisions\/879"}],"wp:attachment":[{"href":"http:\/\/www.ikbalozelegitim.com\/index.php\/wp-json\/wp\/v2\/media?parent=878"}],"curies":[{"name":"wp","href":"https:\/\/api.w.org\/{rel}","templated":true}]}}