{"id":96,"date":"2015-05-22T16:45:23","date_gmt":"2015-05-22T13:45:23","guid":{"rendered":"http:\/\/www.ikbalozelegitim.com\/?page_id=96"},"modified":"2015-05-22T16:45:23","modified_gmt":"2015-05-22T13:45:23","slug":"vizyonumuz","status":"publish","type":"page","link":"http:\/\/www.ikbalozelegitim.com\/index.php\/vizyonumuz\/","title":{"rendered":"Vizyonumuz"},"content":{"rendered":"<p>E\u011fitim,ara\u015ft\u0131rma ve uygulama alanlar\u0131nda kaliteli e\u011fitim veren,hayat boyu \u00f6\u011frenmeyi ilke edinen,\u00f6zel ve farkl\u0131l\u0131\u011f\u0131 olan bireylerin hayatlar\u0131n\u0131 ba\u011f\u0131ms\u0131z s\u00fcrd\u00fcrebilmeleri i\u00e7in gerekli olan e\u011fitim ve rehabilitasyon hizmetini en iyi \u015fekilde veren \u015fe\u00e7kin bir kurumdur.<\/p>\n","protected":false},"excerpt":{"rendered":"<p>E\u011fitim,ara\u015ft\u0131rma ve uygulama alanlar\u0131nda kaliteli e\u011fitim veren,hayat boyu \u00f6\u011frenmeyi ilke edinen,\u00f6zel ve farkl\u0131l\u0131\u011f\u0131 olan bireylerin hayatlar\u0131n\u0131 ba\u011f\u0131ms\u0131z s\u00fcrd\u00fcrebilmeleri i\u00e7in gerekli olan e\u011fitim ve rehabilitasyon hizmetini en iyi \u015fekilde veren \u015fe\u00e7kin bir kurumdur.<\/p>\n","protected":false},"author":1,"featured_media":0,"parent":0,"menu_order":0,"comment_status":"open","ping_status":"open","template":"","meta":[],"_links":{"self":[{"href":"http:\/\/www.ikbalozelegitim.com\/index.php\/wp-json\/wp\/v2\/pages\/96"}],"collection":[{"href":"http:\/\/www.ikbalozelegitim.com\/index.php\/wp-json\/wp\/v2\/pages"}],"about":[{"href":"http:\/\/www.ikbalozelegitim.com\/index.php\/wp-json\/wp\/v2\/types\/page"}],"author":[{"embeddable":true,"href":"http:\/\/www.ikbalozelegitim.com\/index.php\/wp-json\/wp\/v2\/users\/1"}],"replies":[{"embeddable":true,"href":"http:\/\/www.ikbalozelegitim.com\/index.php\/wp-json\/wp\/v2\/comments?post=96"}],"version-history":[{"count":1,"href":"http:\/\/www.ikbalozelegitim.com\/index.php\/wp-json\/wp\/v2\/pages\/96\/revisions"}],"predecessor-version":[{"id":97,"href":"http:\/\/www.ikbalozelegitim.com\/index.php\/wp-json\/wp\/v2\/pages\/96\/revisions\/97"}],"wp:attachment":[{"href":"http:\/\/www.ikbalozelegitim.com\/index.php\/wp-json\/wp\/v2\/media?parent=96"}],"curies":[{"name":"wp","href":"https:\/\/api.w.org\/{rel}","templated":true}]}}