{"id":98,"date":"2015-05-22T16:46:48","date_gmt":"2015-05-22T13:46:48","guid":{"rendered":"http:\/\/www.ikbalozelegitim.com\/?page_id=98"},"modified":"2015-05-22T16:47:22","modified_gmt":"2015-05-22T13:47:22","slug":"misyonumuz","status":"publish","type":"page","link":"http:\/\/www.ikbalozelegitim.com\/index.php\/misyonumuz\/","title":{"rendered":"Tarih\u00e7e"},"content":{"rendered":"<p>Kurumumuz 23\/05\/2015 tarihinden itibren deneyimli ve uzman kadrosuyla geni\u015f e\u011fitim ve \u00f6\u011fretim materyalleri ile \u00d6zel E\u011fitim ve Rehabilitasyon konusunda g\u00f6rev yapmaktad\u0131r..Kurumumuzda bedensel ve zihinsel engellil bireyler destek e\u011fitim program\u0131 uygulanmaktad\u0131r.<\/p>\n","protected":false},"excerpt":{"rendered":"<p>Kurumumuz 23\/05\/2015 tarihinden itibren deneyimli ve uzman kadrosuyla geni\u015f e\u011fitim ve \u00f6\u011fretim materyalleri ile \u00d6zel E\u011fitim ve Rehabilitasyon konusunda g\u00f6rev yapmaktad\u0131r..Kurumumuzda bedensel ve zihinsel engellil bireyler destek e\u011fitim program\u0131 uygulanmaktad\u0131r.<\/p>\n","protected":false},"author":1,"featured_media":0,"parent":0,"menu_order":0,"comment_status":"open","ping_status":"open","template":"","meta":[],"_links":{"self":[{"href":"http:\/\/www.ikbalozelegitim.com\/index.php\/wp-json\/wp\/v2\/pages\/98"}],"collection":[{"href":"http:\/\/www.ikbalozelegitim.com\/index.php\/wp-json\/wp\/v2\/pages"}],"about":[{"href":"http:\/\/www.ikbalozelegitim.com\/index.php\/wp-json\/wp\/v2\/types\/page"}],"author":[{"embeddable":true,"href":"http:\/\/www.ikbalozelegitim.com\/index.php\/wp-json\/wp\/v2\/users\/1"}],"replies":[{"embeddable":true,"href":"http:\/\/www.ikbalozelegitim.com\/index.php\/wp-json\/wp\/v2\/comments?post=98"}],"version-history":[{"count":3,"href":"http:\/\/www.ikbalozelegitim.com\/index.php\/wp-json\/wp\/v2\/pages\/98\/revisions"}],"predecessor-version":[{"id":101,"href":"http:\/\/www.ikbalozelegitim.com\/index.php\/wp-json\/wp\/v2\/pages\/98\/revisions\/101"}],"wp:attachment":[{"href":"http:\/\/www.ikbalozelegitim.com\/index.php\/wp-json\/wp\/v2\/media?parent=98"}],"curies":[{"name":"wp","href":"https:\/\/api.w.org\/{rel}","templated":true}]}}